{"id":731,"date":"2017-06-14T12:53:32","date_gmt":"2017-06-14T12:53:32","guid":{"rendered":"http:\/\/www.yasodan.com\/en\/?page_id=731"},"modified":"2017-06-14T12:54:23","modified_gmt":"2017-06-14T12:54:23","slug":"information-about-cookies","status":"publish","type":"page","link":"http:\/\/www.yasodan.com\/en\/information-about-cookies\/","title":{"rendered":"Information about cookies"},"content":{"rendered":"<h1 style=\"text-align: justify;\"><strong>Informaci\u00f3n sobre cookies en <\/strong><span style=\"color: #0000ff;\"><strong>www.yasodan.com<\/strong><\/span><\/h1>\n<p style=\"text-align: justify;\">De conformidad con lo establecido en la Ley 34\/2002 de Servicios de la Sociedad de la Informaci\u00f3n, le informamos de que este sitio \u201cweb\u201d utiliza cookies.<\/p>\n<p style=\"text-align: justify;\">Las cookies son peque\u00f1os archivos de texto que la p\u00e1gina web que usted visita almacena en su ordenador. Son ampliamente usadas para que funcione correcta y eficientemente la p\u00e1gina web ya que proporciona informaci\u00f3n a los propietarios del site.<\/p>\n<p style=\"text-align: justify;\">La web de Yasodan utiliza &#8220;Cookies&#8221;, y otros mecanismos similares (en adelante, Cookies). Las Cookies son ficheros enviados a un navegador por medio de un servidor web para registrar las actividades del Usuario en una web determinada, apps y\/o servicios de la web de Yasodan (en adelante, los Servicios). La primera finalidad de las Cookies es la de facilitar al Usuario un acceso m\u00e1s r\u00e1pido a los Servicios seleccionados. Adem\u00e1s, las Cookies personalizan los Servicios que ofrece la web de Yasodan, facilitando y ofreciendo a cada Usuario informaci\u00f3n que es de su inter\u00e9s o que puede ser de su inter\u00e9s, en atenci\u00f3n al uso que realiza de los Servicios.<\/p>\n<p style=\"text-align: justify;\">La web de Yasodan\u00a0utiliza Cookies para personalizar y facilitar al m\u00e1ximo la navegaci\u00f3n del Usuario. Las Cookies se asocian \u00fanicamente a un Usuario an\u00f3nimo y su ordenador y no proporcionan referencias que permitan deducir datos personales del Usuario. El Usuario podr\u00e1 configurar su navegador para que notifique y rechace la instalaci\u00f3n de las Cookies enviadas por la web de Yasodan, sin que ello perjudique la posibilidad del Usuario de acceder a los Contenidos. Sin embargo, le hacemos notar que, en todo caso, la calidad de funcionamiento de la p\u00e1gina Web puede disminuir.<\/p>\n<p style=\"text-align: justify;\">El uso de cookies est\u00e1 estandarizado en la mayor parte de los sites. Si usted no desea enviar cookies a nuestros sistemas puede &#8220;desactivarlo&#8221; y controlarlo desde su navegador elimin\u00e1ndolas de su historial de navegaci\u00f3n -cach\u00e9- cuando finaliza la visita.<\/p>\n<p style=\"text-align: justify;\"><strong>TIPOLOGIA, FINALIDAD Y FUNCIONAMIENTO <\/strong><strong>DE <\/strong><strong>COOKIES<\/strong><\/p>\n<p style=\"text-align: justify;\">Las Cookies, en funci\u00f3n de su permanencia, pueden dividirse en Cookies de sesi\u00f3n o permanentes. Las primeras expiran cuando el Usuario cierra el navegador. Las segundas expiran en funci\u00f3n cuando se cumpla el objetivo para el que sirven (por ejemplo, para que el Usuario se mantenga identificado en los Servicios de Yasodan) o bien cuando se borran manualmente.<\/p>\n<p style=\"text-align: justify;\">Session cookies: permanecen en su navegador durante la visita (por ejemplo, hasta que cierra el navegador y finaliza la visita).<\/p>\n<p style=\"text-align: justify;\">Persistente cookies: permanecen en su navegador despu\u00e9s de la sesi\u00f3n (a menos que las borre).<\/p>\n<p style=\"text-align: justify;\">Adicionalmente, en funci\u00f3n de su objetivo, las Cookies pueden clasificarse de la siguiente forma:<\/p>\n<p style=\"text-align: justify;\">Functionality\u2019 cookies: permiten a la p\u00e1gina web almacenar cualquier opci\u00f3n que ha hecho en la p\u00e1gina (como por ejemplo, cambios en el tama\u00f1o del texto, customizaci\u00f3n de p\u00e1ginas) o permiten servicios como incluir posts en blogs<\/p>\n<p style=\"text-align: justify;\">Este tipo de Cookies recuerda sus preferencias para las herramientas que se encuentran en los Servicios, por lo que no tiene que volver a configurar el servicio cada vez que usted visita. A modo de ejemplo, en esta tipolog\u00eda se incluyen:<\/p>\n<ul style=\"text-align: justify;\">\n<li>Ajustes de volumen de reproductores de v\u00eddeo o sonido.<\/li>\n<li>Las velocidades de transmisi\u00f3n de v\u00eddeo que sean compatibles con su navegador.<\/li>\n<li>Los objetos guardados en el &#8220;carrito de la compra&#8221; en los Servicios de E-commerce tales como tiendas.<\/li>\n<\/ul>\n<p style=\"text-align: justify;\">Las \u2018Performance\u2019 cookies: recopilan informaci\u00f3n de uso de la p\u00e1gina web; no recogen informaci\u00f3n de car\u00e1cter personal y los datos recabados son almacenados de forma an\u00f3nima. Las &#8220;Performance cookies&#8221; son usadas para mejorar el funcionamiento de la p\u00e1gina web.<\/p>\n<p style=\"text-align: justify;\">COOKIES DE GEO-LOCALIZACI\u00d3N: Estas Cookies son utilizadas para averiguar en qu\u00e9 pa\u00eds se encuentra cuando se solicita un Servicio. Esta Cookie es totalmente an\u00f3nima, y s\u00f3lo se utiliza para ayudar a orientar el contenido a su ubicaci\u00f3n.<\/p>\n<p style=\"text-align: justify;\">COOKIES DE REGISTRO: Las Cookies de registro se generan una vez que el Usuario se ha registrado o posteriormente ha abierto su sesi\u00f3n, y se utilizan para identificarle en los Servicios con los siguientes objetivos:<\/p>\n<p style=\"text-align: justify;\">Mantener al Usuario identificado de forma que, si cierra un Servicio, el navegador o el ordenador y en otro momento u otro d\u00eda vuelve a entrar en dicho Servicio, seguir\u00e1 identificado, facilitando as\u00ed su navegaci\u00f3n sin tener que volver a identificarse.<br \/>\nEsta funcionalidad se puede suprimir si el Usuario pulsa la funcionalidad &#8220;cerrar sesi\u00f3n&#8221;, de forma que esta Cookie se elimina y la pr\u00f3xima vez que entre en el Servicio el Usuario tendr\u00e1 que iniciar sesi\u00f3n para estar identificado.<\/p>\n<p style=\"text-align: justify;\">Comprobar si el Usuario est\u00e1 autorizado para acceder a ciertos Servicios, por ejemplo, para participar en un concurso.<\/p>\n<p style=\"text-align: justify;\">Adicionalmente, algunos Servicios pueden utilizar conectores con redes sociales tales como Facebook. Cuando el Usuario se registra en un Servicio con credenciales de una red social, autoriza a la red social a guardar una Cookie persistente que recuerda su identidad y le garantiza acceso a los Servicios hasta que expira. El Usuario puede borrar esta Cookie y revocar el acceso a los Servicios mediante redes sociales actualizando sus preferencias en la red social que espec\u00edfica.<\/p>\n<p style=\"text-align: justify;\">COOKIES DE ANAL\u00cdTICAS: Cada vez que un Usuario visita un Servicio, una herramienta de un proveedor externo (Omniture, Netscope, Comscore y similares que podr\u00e1n a\u00f1adirse a este listado en caso de que var\u00eden en relaci\u00f3n con los actuales) genera una Cookie anal\u00edtica en el ordenador del Usuario. Esta Cookie que s\u00f3lo se genera en la visita, servir\u00e1 en pr\u00f3ximas visitas a los Servicios de Yasodan\u00a0para identificar de forma an\u00f3nima al visitante. Los objetivos principales que se persiguen son:<\/p>\n<p style=\"text-align: justify;\">Permitir la identificaci\u00f3n an\u00f3nima de los Usuarios navegantes a trav\u00e9s de la &#8220;Cookie&#8221; (identifica navegadores y dispositivos, no personas) y por lo tanto la contabilizaci\u00f3n aproximada del n\u00famero de visitantes y su tendencia en el tiempo.<\/p>\n<p style=\"text-align: justify;\">Identificar de forma an\u00f3nima los contenidos m\u00e1s visitados y por lo tanto m\u00e1s atractivos para los Usuarios.<\/p>\n<p style=\"text-align: justify;\">Saber si el Usuario que est\u00e1 accediendo es nuevo o repite visita.<\/p>\n<p style=\"text-align: justify;\">Importante: Salvo que el Usuario decida registrarse en un Servicio de Yasodan, la &#8220;Cookie&#8221; nunca ir\u00e1 asociada a ning\u00fan dato de car\u00e1cter personal que pueda identificarle. Dichas Cookies s\u00f3lo ser\u00e1n utilizadas con prop\u00f3sitos estad\u00edsticos que ayuden a la optimizaci\u00f3n de la experiencia de los Usuarios en el sitio.<\/p>\n<p style=\"text-align: justify;\">M\u00e1s informaci\u00f3n sobre la pol\u00edtica de privacidad de estas herramientas en:<\/p>\n<p style=\"text-align: justify;\">Omniture:\u00a0<span style=\"color: #0000ff;\"><a href=\"http:\/\/www.omniture.com\/es\/privacy\"><span style=\"color: #0000ff;\">www.omniture.com\/es\/privacy<\/span><\/a><\/span>: Comscore: www.comscore.com\/esl\/About_comScore\/Privacy_Policy; Netscope:\u00a0www.net-scope.com\/oursolutions\/oursolutions.aspx.<\/p>\n<p style=\"text-align: justify;\">COOKIES DE PUBLICIDAD:\u00a0Este tipo de &#8220;Cookies&#8221; permiten ampliar la informaci\u00f3n de los anuncios mostrados a cada Usuario an\u00f3nimo en los Servicios de Yasodan. Entre otros, se almacena la duraci\u00f3n o frecuencia de visualizaci\u00f3n de posiciones publicitarias, la interacci\u00f3n con las mismas, o los patrones de navegaci\u00f3n y\/o comportamientos del Usuario ya que ayudan a conformar un perfil de inter\u00e9s publicitario. De este modo, permiten ofrecer publicidad\u00a0af\u00edn a los intereses del Usuario.<\/p>\n<p style=\"text-align: justify;\">COOKIES PUBLICITARIAS DE TERCEROS: Adem\u00e1s de la publicidad\u00a0gestionada por la web de Yasodan\u00a0en sus Servicios, La web de Yasodan\u00a0puede ofrecer a sus anunciantes la opci\u00f3n de servir anuncios a trav\u00e9s de terceros (&#8220;Ad-Servers&#8221;). De este modo, estos terceros pueden almacenar Cookies enviadas desde los Servicios de Yasodan\u00a0procedentes de los navegadores de los Usuarios, as\u00ed como acceder a los datos que en ellas se guardan.<\/p>\n<p style=\"text-align: justify;\"><strong>USO DE COOKIES EN <\/strong><strong>YASODAN<\/strong><\/p>\n<p style=\"text-align: justify;\">La siguiente tabla explica la forma en la que usamos las cookies en la p\u00e1gina web de Yasodan (<span style=\"color: #0000ff;\"><strong><a href=\"http:\/\/www.yasodan.com\/\"><span style=\"color: #0000ff;\">http:\/\/www.yasodan.com\/<\/span><\/a><\/strong><\/span><strong>)<\/strong><\/p>\n<p style=\"text-align: justify;\">Con el uso de \u00e9sta p\u00e1gina web, usted consiente y est\u00e1 de acuerdo en que alojemos estas cookies en su ordenador\/dispositivo para los fines declarados.<\/p>\n<table style=\"height: 368px;\" width=\"772\">\n<tbody>\n<tr>\n<td width=\"81\"><strong>Proveedor<\/strong><\/td>\n<td width=\"81\"><strong>Nombre<\/strong><\/td>\n<td width=\"234\"><strong>Prop\u00f3sito<\/strong><\/td>\n<td width=\"72\"><strong>Tipo<\/strong><\/td>\n<td width=\"72\"><strong>Duraci\u00f3n<\/strong><\/td>\n<\/tr>\n<tr>\n<td width=\"81\">Webtrends<\/td>\n<td width=\"81\">YASODAN<\/td>\n<td width=\"234\">Identificaci\u00f3n de la sesi\u00f3n del usuario. ID del visitante basado en su direcci\u00f3n IP. La cookie almacena el ID del site, hora del \u00faltimo acceso, hora de inicio de la visita e ID de la cuenta, con el objetivo de recabar datos meramente estad\u00edsticos.<\/td>\n<td width=\"72\">First Party Persistent<\/td>\n<td width=\"72\">2 a\u00f1os<\/td>\n<\/tr>\n<tr>\n<td width=\"81\">Webtrends<\/td>\n<td width=\"81\">ACOOKIE<\/td>\n<td width=\"234\">Identificaci\u00f3n del visitante a trav\u00e9s de Java Script. La cookie almacena el ID del visitante, hora del \u00faltimo acceso y hora de comienzo de la visita, con el objetivo de recabar datos meramente estad\u00edsticos.<\/td>\n<td width=\"72\">First Party Persistent<\/td>\n<td width=\"72\">2 a\u00f1os<\/td>\n<\/tr>\n<tr>\n<td width=\"81\">Meta 4<\/td>\n<td width=\"81\">JSESSIONID<\/td>\n<td width=\"234\">Cookie generada por el servlet Engine para garantizar el mantenimiento y control de la sesi\u00f3n de usuario dentro del Jobsite. La cookie almacena informaci\u00f3n sobre el id del visitante (inicio y fin de sesi\u00f3n), comienzo de la visita y duraci\u00f3n.<\/td>\n<td width=\"72\">Third Party Persistent<\/td>\n<td width=\"72\">2 a\u00f1os<\/td>\n<\/tr>\n<\/tbody>\n<\/table>\n<p style=\"text-align: justify;\"><strong>DEHABILITAR LAS COOKIES Y LOS WEB BUGS<\/strong><\/p>\n<p style=\"text-align: justify;\">Normalmente es posible dejar de aceptar las Cookies del navegador, o dejar de aceptar las Cookies de un Servicio en particular.<\/p>\n<p style=\"text-align: justify;\">Todos los navegadores modernos permiten cambiar la configuraci\u00f3n de Cookies.<\/p>\n<p style=\"text-align: justify;\">Estos ajustes normalmente se encuentran en las &#8216;opciones&#8217; o &#8216;Preferencias&#8217; del men\u00fa de su navegador. Asimismo, puede configurar su navegador o su gestor de correo electr\u00f3nico, as\u00ed como instalar complementos gratuitos para evitar que se descarguen los Web Bugs al abrir un email.<\/p>\n<p style=\"text-align: justify;\">La web de Yasodan\u00a0ofrece orientaci\u00f3n al Usuario sobre los pasos para acceder al men\u00fa de configuraci\u00f3n de las cookies y, en su caso, de la navegaci\u00f3n privada en cada uno de los navegadores principales:<\/p>\n<p style=\"text-align: justify;\">Internet Explorer: Herramientas -&gt; Opciones de Internet\u00a0-&gt; Privacidad\u00a0-&gt; Configuraci\u00f3n.<\/p>\n<p style=\"text-align: justify;\">Para m\u00e1s informaci\u00f3n, puede consultar el\u00a0<span style=\"color: #0000ff;\"><a href=\"http:\/\/windows.microsoft.com\/es-ES\/windows\/support\"><span style=\"color: #0000ff;\">soporte de Microsoft<\/span><\/a><\/span>\u00a0o la Ayuda del navegador.<\/p>\n<p style=\"text-align: justify;\">Firefox: Herramientas\u00a0-&gt; Opciones\u00a0-&gt; Privacidad\u00a0-&gt; Historial\u00a0-&gt; Configuraci\u00f3n Personalizada.<\/p>\n<p style=\"text-align: justify;\">Para m\u00e1s informaci\u00f3n, puede consultar el\u00a0<span style=\"color: #0000ff;\"><a href=\"http:\/\/support.mozilla.org\/es\/home\"><span style=\"color: #0000ff;\">soporte de Mozilla<\/span><\/a><\/span>\u00a0o la Ayuda del navegador.<\/p>\n<p style=\"text-align: justify;\">Chrome: Configuraci\u00f3n\u00a0-&gt; Mostrar opciones avanzadas\u00a0-&gt; Privacidad\u00a0-&gt; Configuraci\u00f3n de contenido.<\/p>\n<p style=\"text-align: justify;\">Para m\u00e1s informaci\u00f3n, puede consultar el\u00a0<span style=\"color: #0000ff;\"><a href=\"http:\/\/support.google.com\/chrome\/?hl=es\"><span style=\"color: #0000ff;\">soporte de Google<\/span><\/a>\u00a0<\/span>o la Ayuda del navegador.<\/p>\n<p style=\"text-align: justify;\">Safari: Preferencias\u00a0-&gt; Seguridad.<\/p>\n<p style=\"text-align: justify;\">Para m\u00e1s informaci\u00f3n, puede consultar el\u00a0<span style=\"color: #0000ff;\"><a href=\"http:\/\/www.apple.com\/es\/support\/safari\/\"><span style=\"color: #0000ff;\">soporte de Apple<\/span><\/a><\/span>\u00a0o la Ayuda del navegador.<\/p>\n<p style=\"text-align: justify;\"><strong>Qu\u00e9 ocurre si se deshabilitan las Cookies:<\/strong><\/p>\n<p style=\"text-align: justify;\">Algunas funcionalidades de los Servicios quedar\u00e1n deshabilitados como, por ejemplo, permanecer\u00a0 identificado, mantener las compras en el &#8220;carrito de la compra&#8221; en un Servicio de e-commerce, recibir informaci\u00f3n dirigida a su localizaci\u00f3n o la visualizaci\u00f3n de algunos v\u00eddeos.<\/p>\n<p style=\"text-align: justify;\">ACTUALIZACIONES Y CAMBIOS EN LA POL\u00cdTICA DE PRIVACIDAD \/ COOKIES:<\/p>\n<p style=\"text-align: justify;\">La web de Yasodan\u00a0puede modificar esta Pol\u00edtica de Cookies en funci\u00f3n de exigencias legislativas, reglamentarias, o con la finalidad de adaptar dicha pol\u00edtica a las instrucciones dictadas por la Agencia Espa\u00f1ola de Protecci\u00f3n de Datos, por ello se aconseja a los Usuarios que la visiten peri\u00f3dicamente.<\/p>\n<p style=\"text-align: justify;\">Cuando se produzcan cambios significativos en esta Pol\u00edtica de Cookies, se comunicar\u00e1n a los Usuarios bien mediante la web o a trav\u00e9s de correo electr\u00f3nico a los Usuarios registrados.<\/p>\n<p style=\"text-align: justify;\"><strong>PARA CONTACTAR CON NOSOTROS<\/strong><\/p>\n<p style=\"text-align: justify;\">Yasodan agradece sus opiniones sobre esta P\u00e1gina web y nuestra Pol\u00edtica de Cookies. Si desea ponerse en contacto con Yasodan con cualquier pregunta o comentario, por favor env\u00ede un correo electr\u00f3nico a <span style=\"color: #0000ff;\">info@yasodan.com. (<a href=\"mailto:info@yasodan.com\"><span style=\"color: #0000ff;\">Pulse aqu\u00ed)<\/span><\/a><\/span><\/p>\n","protected":false},"excerpt":{"rendered":"<p>Informaci\u00f3n sobre cookies en www.yasodan.com De conformidad con lo establecido en la Ley 34\/2002 de Servicios de la Sociedad de la Informaci\u00f3n, le informamos de que este sitio \u201cweb\u201d utiliza\u2026 <a href=\"http:\/\/www.yasodan.com\/en\/information-about-cookies\/\" class=\"read-more-link\">leer m\u00e1s &rarr;<\/a><\/p>\n","protected":false},"author":1,"featured_media":0,"parent":0,"menu_order":0,"comment_status":"closed","ping_status":"open","template":"page-fullwidth.php","meta":[],"_links":{"self":[{"href":"http:\/\/www.yasodan.com\/en\/wp-json\/wp\/v2\/pages\/731"}],"collection":[{"href":"http:\/\/www.yasodan.com\/en\/wp-json\/wp\/v2\/pages"}],"about":[{"href":"http:\/\/www.yasodan.com\/en\/wp-json\/wp\/v2\/types\/page"}],"author":[{"embeddable":true,"href":"http:\/\/www.yasodan.com\/en\/wp-json\/wp\/v2\/users\/1"}],"replies":[{"embeddable":true,"href":"http:\/\/www.yasodan.com\/en\/wp-json\/wp\/v2\/comments?post=731"}],"version-history":[{"count":1,"href":"http:\/\/www.yasodan.com\/en\/wp-json\/wp\/v2\/pages\/731\/revisions"}],"predecessor-version":[{"id":732,"href":"http:\/\/www.yasodan.com\/en\/wp-json\/wp\/v2\/pages\/731\/revisions\/732"}],"wp:attachment":[{"href":"http:\/\/www.yasodan.com\/en\/wp-json\/wp\/v2\/media?parent=731"}],"curies":[{"name":"wp","href":"https:\/\/api.w.org\/{rel}","templated":true}]}}