{"id":240,"date":"2014-08-11T10:01:16","date_gmt":"2014-08-11T10:01:16","guid":{"rendered":"http:\/\/www.yasodan.com\/es\/?page_id=240"},"modified":"2014-08-20T11:33:34","modified_gmt":"2014-08-20T11:33:34","slug":"responsabilidad-social","status":"publish","type":"page","link":"http:\/\/www.yasodan.com\/es\/sobre-nosotros\/responsabilidad-social\/","title":{"rendered":"Responsabilidad social"},"content":{"rendered":"\t\t\t\t\n\t\t\t\t<!-- START REVOLUTION SLIDER 3.0.95 fullwidth mode -->\n\t\t\t\t\n\t\t\t\t\t\t\t\t\n\t\t\t\t<link rel='stylesheet' id='rev-google-font' href='http:\/\/fonts.googleapis.com\/css?family=Muli:400' type='text\/css' media='all' \/><script type='text\/javascript' src='http:\/\/www.yasodan.com\/es\/wp-content\/plugins\/revslider\/rs-plugin\/js\/jquery.themepunch.revolution.min.js'><\/script>\t\t\t\t<div id=\"rev_slider_7_1_wrapper\" class=\"rev_slider_wrapper fullwidthbanner-container\" style=\"margin:0px auto;background-color:#E9E9E9;padding:0px;margin-top:0px;margin-bottom:0px;max-height:174px;\">\n\t\t\t\t\t<div id=\"rev_slider_7_1\" class=\"rev_slider fullwidthabanner\" style=\"display:none;max-height:174px;height:174;\">\t\t\t\t\t\t\n\t\t\t\t\t\t\t\t\t\t<ul>\n\t\t\t\t\t\t\t\t<li data-transition=\"slotslide-horizontal\" data-slotamount=\"7\" data-masterspeed=\"300\"  data-fstransition=\"slotslide-horizontal\" data-fsmasterspeed=\"300\" data-fsslotamount=\"7\">\n\t\t\t\t\t\t<img src=\"http:\/\/www.yasodan.com\/es\/wp-content\/uploads\/2014\/08\/cabecera-responasbilidad-social-1.jpg\"  alt=\"cabecera-responasbilidad-social-1\"  data-fullwidthcentering=\"on\">\n\t\t\t\t\t\t\t\t\t\t\t<\/li>\n\t\t\t\t\t\t\t\t\t<li data-transition=\"slotslide-horizontal\" data-slotamount=\"7\" data-masterspeed=\"300\" >\n\t\t\t\t\t\t<img src=\"http:\/\/www.yasodan.com\/es\/wp-content\/uploads\/2014\/08\/cabecera-responsabilidad-social-2.jpg\"  alt=\"cabecera-responsabilidad-social-2\"  data-fullwidthcentering=\"on\">\n\t\t\t\t\t\t\t\t\t\t\t<\/li>\n\t\t\t\t\t\t\t\t\t<li data-transition=\"slotslide-horizontal\" data-slotamount=\"7\" data-masterspeed=\"300\" >\n\t\t\t\t\t\t<img src=\"http:\/\/www.yasodan.com\/es\/wp-content\/uploads\/2014\/08\/cabecera-responsabilidad-social-3.jpg\"  alt=\"cabecera-responsabilidad-social-3\"  data-fullwidthcentering=\"on\">\n\t\t\t\t\t\t\t\t\t\t\t<\/li>\n\t\t\t\t\t\t\t\t<\/ul>\n\t\t\t\t\t\t\t\t\t\t\t\t\t\t<\/div>\n\t\t\t\t<\/div>\t\t\t\t\n\t\t\t\t\t\t\t\n\t\t\t<script type=\"text\/javascript\">\n\n\t\t\t\tvar tpj=jQuery;\n\t\t\t\t\n\t\t\t\t\t\t\t\t\ttpj.noConflict();\n\t\t\t\t\t\t\t\t\n\t\t\t\tvar revapi7;\n\t\t\t\t\n\t\t\t\ttpj(document).ready(function() {\n\t\t\t\t\n\t\t\t\tif (tpj.fn.cssOriginal != undefined)\n\t\t\t\t\ttpj.fn.css = tpj.fn.cssOriginal;\n\t\t\t\t\n\t\t\t\tif(tpj('#rev_slider_7_1').revolution == undefined)\n\t\t\t\t\trevslider_showDoubleJqueryError('#rev_slider_7_1');\n\t\t\t\telse\n\t\t\t\t   revapi7 = tpj('#rev_slider_7_1').show().revolution(\n\t\t\t\t\t{\n\t\t\t\t\t\tdelay:5000,\n\t\t\t\t\t\tstartwidth:940,\n\t\t\t\t\t\tstartheight:174,\n\t\t\t\t\t\thideThumbs:200,\n\t\t\t\t\t\t\n\t\t\t\t\t\tthumbWidth:100,\n\t\t\t\t\t\tthumbHeight:50,\n\t\t\t\t\t\tthumbAmount:3,\n\t\t\t\t\t\t\n\t\t\t\t\t\tnavigationType:\"none\",\n\t\t\t\t\t\tnavigationArrows:\"none\",\n\t\t\t\t\t\tnavigationStyle:\"round\",\n\t\t\t\t\t\t\n\t\t\t\t\t\ttouchenabled:\"off\",\n\t\t\t\t\t\tonHoverStop:\"off\",\n\t\t\t\t\t\t\n\t\t\t\t\t\tnavigationHAlign:\"center\",\n\t\t\t\t\t\tnavigationVAlign:\"bottom\",\n\t\t\t\t\t\tnavigationHOffset:0,\n\t\t\t\t\t\tnavigationVOffset:20,\n\n\t\t\t\t\t\tsoloArrowLeftHalign:\"left\",\n\t\t\t\t\t\tsoloArrowLeftValign:\"center\",\n\t\t\t\t\t\tsoloArrowLeftHOffset:20,\n\t\t\t\t\t\tsoloArrowLeftVOffset:0,\n\n\t\t\t\t\t\tsoloArrowRightHalign:\"right\",\n\t\t\t\t\t\tsoloArrowRightValign:\"center\",\n\t\t\t\t\t\tsoloArrowRightHOffset:20,\n\t\t\t\t\t\tsoloArrowRightVOffset:0,\n\t\t\t\t\t\t\t\t\n\t\t\t\t\t\tshadow:0,\n\t\t\t\t\t\tfullWidth:\"on\",\n\t\t\t\t\t\tfullScreen:\"off\",\n\n\t\t\t\t\t\tstopLoop:\"off\",\n\t\t\t\t\t\tstopAfterLoops:-1,\n\t\t\t\t\t\tstopAtSlide:-1,\n\n\t\t\t\t\t\tshuffle:\"off\",\n\t\t\t\t\t\t\n\t\t\t\t\t\thideSliderAtLimit:0,\n\t\t\t\t\t\thideCaptionAtLimit:0,\n\t\t\t\t\t\thideAllCaptionAtLilmit:0,\n\t\t\t\t\t\tstartWithSlide:0,\n\t\t\t\t\t\tvideoJsPath:\"http:\/\/www.yasodan.com\/es\/wp-content\/plugins\/revslider\/rs-plugin\/videojs\/\",\n\t\t\t\t\t\tfullScreenOffsetContainer: \"\"\t\n\t\t\t\t\t});\n\t\t\t\t\n\t\t\t\t});\t\/\/ready\n\t\t\t\t\n\t\t\t<\/script>\n\t\t\t\n\t\t\t\t\t\t\t<!-- END REVOLUTION SLIDER -->\n\t\t\t\t\n<p>&nbsp;<\/p>\n<h1>Responsabilidad social<\/h1>\n<div class=\"testimonial\">\n<h4 style=\"text-align: center;\"><span style=\"color: #ff6600;\"><b><i>\u201cServicio a la sociedad es el alquiler<\/i><\/b><b><i> que tenemos que pagar por ocupar nuestro espacio en la tierra\u00bb<\/i><\/b><\/span><\/h4>\n<\/div>\n<div class=\"testimonial-author\">NUESTRA CREENCIA<\/div>\n<p style=\"text-align: justify;\">Perteneciendo a un mundo enriquecido con los valores establecidos por grandes seres humanos como Mahatma Gandhi, Ortega y Gasset,y muchos m\u00e1s, el mundo est\u00e1 lleno de tradiciones, cultura y construido sobre los valores humanos y \u00e9tica, estamos muy orgullosos de ser parte de este maravilloso Universo. Consideramos que para mantener este patrimonio de valores, la cultura, la \u00e9tica y la humanidad, la mejor forma es la de preservar nuestro compromiso social.<\/p>\n<p style=\"text-align: justify;\">Solidaridad y caridad socialcomienza en casa ,creyendo firmemente en este proverbio nosotros destinamos una parte de nuestros ingresos a la obra social, la satisfacci\u00f3n de solidaridad nos anima que valga la pena vivir la vida y que nos motiva a redoblar nuestro negocio trabajando duro, manteniendo el compromiso y ofreciendo productos de calidad y consolidando relaciones con nuestros Clientes, Proveedores, Distribuidores y Asociados en el mundo. Una peque\u00f1a parte de los beneficios que ganamos se destinan a diversas causas sociales, iniciativas y eventos para las personas desfavorecidas y el medio ambiente.\u00a0Con esta pr\u00e1ctica de solidaridad hacemos un intento de preservar nuestra cultura, los valores humanos, un mundo m\u00e1s verde y un lugar mejor para vivir de manera que tambi\u00e9n ser\u00e1 parte de esta causa noble y un deber que compartimos como ser un ciudadano responsable de este mundo.<\/p>\n<p style=\"text-align: justify;\"><b>ECO FRIENDLY CULTURA Y PR\u00c1CTICAS<\/b><br \/>\nEn Yasodan estamos comprometidos en proteger el medio ambiente, equilibrando los intereses comerciales y salvaguardando al mismo tiempo el medio ambiente para las futuras generaciones. Tenemos el compromiso moral de proteger el medio ambiente dentro de nuestras actividades comerciales. Tambi\u00e9n somos conscientes que el impacto medio ambiental debe ser disminuido por el uso eficiente de la energ\u00eda, las materias primas, el agua y el embalaje, y lo ponemos en pr\u00e1ctica en nuestras operaciones.<\/p>\n<p style=\"text-align: justify;\"><b>COMPROMISO SOCIAL CORPORATIVO<\/b><br \/>\nMantenerun compromiso con nuestros valores significa un compromiso con la sociedad que nos rodea.\u00a0Creemos en devolver una parte de nuestros ingresos a la sociedad.\u00a0Animamos a nuestros Asociados que participen tanto a trav\u00e9s de la empresa como en lo personal a tener un papel activo en esta noble causa de la contribuci\u00f3n a la sociedad en la que vivimos.\u00a0Yasodan incluye en sus programas impulsados \u200b\u200bpor la participaci\u00f3n activa de su Equipo Humano de ayuda social\u200b\u200bdentro de la empresa de colaborar con las partes interesadas que participan activamente en este tipo de proyectos.<\/p>\n<p style=\"text-align: justify;\"><b>RESPONSABILIDAD SOCIAL CORPORATIVA<br \/>\n<\/b>Nuestros compromisos para hacer frente a necesidades sociales importantes se desarrollan a trav\u00e9s de nuestros programas de extensi\u00f3n filantr\u00f3picos .<\/p>\n<p style=\"text-align: justify;\">Un componente esencial de nuestra responsabilidad social corporativa es cuidar de los m\u00e1s desfavorecidos aportandorecursos para las personas, las familias y otras organizaciones caritativas.<\/p>\n<p style=\"text-align: justify;\">En caso de que desee unirse a cualquiera de nuestro programa de Obra Social , y si tienencualquier sugerencia o comentario, les agradecer\u00edamos muchose pongan en contacto con nosotros a trav\u00e9s de nuestro formulario de contacto.<\/p>\n<p style=\"text-align: justify;\">Les brindamos la oportunidad de unirse y \/o participar con nosotros para hacer nuestra sociedad m\u00e1s fuerte y saludable.<\/p>\n<p style=\"text-align: justify;\">\n","protected":false},"excerpt":{"rendered":"<p>&nbsp; Responsabilidad social \u201cServicio a la sociedad es el alquiler que tenemos que pagar por ocupar nuestro espacio en la tierra\u00bb NUESTRA CREENCIA Perteneciendo a un mundo enriquecido con los\u2026 <a href=\"http:\/\/www.yasodan.com\/es\/sobre-nosotros\/responsabilidad-social\/\" class=\"read-more-link\">leer m\u00e1s &rarr;<\/a><\/p>\n","protected":false},"author":1,"featured_media":0,"parent":40,"menu_order":0,"comment_status":"closed","ping_status":"closed","template":"page-fullwidth.php","meta":[],"_links":{"self":[{"href":"http:\/\/www.yasodan.com\/es\/wp-json\/wp\/v2\/pages\/240"}],"collection":[{"href":"http:\/\/www.yasodan.com\/es\/wp-json\/wp\/v2\/pages"}],"about":[{"href":"http:\/\/www.yasodan.com\/es\/wp-json\/wp\/v2\/types\/page"}],"author":[{"embeddable":true,"href":"http:\/\/www.yasodan.com\/es\/wp-json\/wp\/v2\/users\/1"}],"replies":[{"embeddable":true,"href":"http:\/\/www.yasodan.com\/es\/wp-json\/wp\/v2\/comments?post=240"}],"version-history":[{"count":20,"href":"http:\/\/www.yasodan.com\/es\/wp-json\/wp\/v2\/pages\/240\/revisions"}],"predecessor-version":[{"id":536,"href":"http:\/\/www.yasodan.com\/es\/wp-json\/wp\/v2\/pages\/240\/revisions\/536"}],"up":[{"embeddable":true,"href":"http:\/\/www.yasodan.com\/es\/wp-json\/wp\/v2\/pages\/40"}],"wp:attachment":[{"href":"http:\/\/www.yasodan.com\/es\/wp-json\/wp\/v2\/media?parent=240"}],"curies":[{"name":"wp","href":"https:\/\/api.w.org\/{rel}","templated":true}]}}