{"id":263,"date":"2014-08-11T10:40:41","date_gmt":"2014-08-11T10:40:41","guid":{"rendered":"http:\/\/www.yasodan.com\/es\/?page_id=263"},"modified":"2014-08-20T11:34:09","modified_gmt":"2014-08-20T11:34:09","slug":"principios-y-etica","status":"publish","type":"page","link":"http:\/\/www.yasodan.com\/es\/sobre-nosotros\/principios-y-etica\/","title":{"rendered":"Principios y \u00e9tica"},"content":{"rendered":"\t\t\t\t\n\t\t\t\t<!-- START REVOLUTION SLIDER 3.0.95 fullwidth mode -->\n\t\t\t\t\n\t\t\t\t\t\t\t\t\n\t\t\t\t<link rel='stylesheet' id='rev-google-font' href='http:\/\/fonts.googleapis.com\/css?family=Muli:400' type='text\/css' media='all' \/><script type='text\/javascript' src='http:\/\/www.yasodan.com\/es\/wp-content\/plugins\/revslider\/rs-plugin\/js\/jquery.themepunch.revolution.min.js'><\/script>\t\t\t\t<div id=\"rev_slider_8_1_wrapper\" class=\"rev_slider_wrapper fullwidthbanner-container\" style=\"margin:0px auto;background-color:#E9E9E9;padding:0px;margin-top:0px;margin-bottom:0px;max-height:174px;\">\n\t\t\t\t\t<div id=\"rev_slider_8_1\" class=\"rev_slider fullwidthabanner\" style=\"display:none;max-height:174px;height:174;\">\t\t\t\t\t\t\n\t\t\t\t\t\t\t\t\t\t<ul>\n\t\t\t\t\t\t\t\t<li data-transition=\"slotslide-horizontal\" data-slotamount=\"7\" data-masterspeed=\"300\"  data-fstransition=\"slotslide-horizontal\" data-fsmasterspeed=\"300\" data-fsslotamount=\"7\">\n\t\t\t\t\t\t<img src=\"http:\/\/www.yasodan.com\/es\/wp-content\/uploads\/2014\/08\/cabecera-etica-1.jpg\"  alt=\"cabecera-etica-1\"  data-fullwidthcentering=\"on\">\n\t\t\t\t\t\t\t\t\t\t\t<\/li>\n\t\t\t\t\t\t\t\t\t<li data-transition=\"slotslide-horizontal\" data-slotamount=\"7\" data-masterspeed=\"300\" >\n\t\t\t\t\t\t<img src=\"http:\/\/www.yasodan.com\/es\/wp-content\/uploads\/2014\/08\/cabecera-etica-2.jpg\"  alt=\"cabecera-etica-2\"  data-fullwidthcentering=\"on\">\n\t\t\t\t\t\t\t\t\t\t\t<\/li>\n\t\t\t\t\t\t\t\t\t<li data-transition=\"slotslide-horizontal\" data-slotamount=\"7\" data-masterspeed=\"300\" >\n\t\t\t\t\t\t<img src=\"http:\/\/www.yasodan.com\/es\/wp-content\/uploads\/2014\/08\/cabecera-etica-3.jpg\"  alt=\"cabecera-etica-3\" >\n\t\t\t\t\t\t\t\t\t\t\t<\/li>\n\t\t\t\t\t\t\t\t<\/ul>\n\t\t\t\t\t\t\t\t\t\t\t\t\t\t<\/div>\n\t\t\t\t<\/div>\t\t\t\t\n\t\t\t\t\t\t\t\n\t\t\t<script type=\"text\/javascript\">\n\n\t\t\t\tvar tpj=jQuery;\n\t\t\t\t\n\t\t\t\t\t\t\t\t\ttpj.noConflict();\n\t\t\t\t\t\t\t\t\n\t\t\t\tvar revapi8;\n\t\t\t\t\n\t\t\t\ttpj(document).ready(function() {\n\t\t\t\t\n\t\t\t\tif (tpj.fn.cssOriginal != undefined)\n\t\t\t\t\ttpj.fn.css = tpj.fn.cssOriginal;\n\t\t\t\t\n\t\t\t\tif(tpj('#rev_slider_8_1').revolution == undefined)\n\t\t\t\t\trevslider_showDoubleJqueryError('#rev_slider_8_1');\n\t\t\t\telse\n\t\t\t\t   revapi8 = tpj('#rev_slider_8_1').show().revolution(\n\t\t\t\t\t{\n\t\t\t\t\t\tdelay:5000,\n\t\t\t\t\t\tstartwidth:940,\n\t\t\t\t\t\tstartheight:174,\n\t\t\t\t\t\thideThumbs:200,\n\t\t\t\t\t\t\n\t\t\t\t\t\tthumbWidth:100,\n\t\t\t\t\t\tthumbHeight:50,\n\t\t\t\t\t\tthumbAmount:3,\n\t\t\t\t\t\t\n\t\t\t\t\t\tnavigationType:\"none\",\n\t\t\t\t\t\tnavigationArrows:\"none\",\n\t\t\t\t\t\tnavigationStyle:\"round\",\n\t\t\t\t\t\t\n\t\t\t\t\t\ttouchenabled:\"off\",\n\t\t\t\t\t\tonHoverStop:\"off\",\n\t\t\t\t\t\t\n\t\t\t\t\t\tnavigationHAlign:\"center\",\n\t\t\t\t\t\tnavigationVAlign:\"bottom\",\n\t\t\t\t\t\tnavigationHOffset:0,\n\t\t\t\t\t\tnavigationVOffset:20,\n\n\t\t\t\t\t\tsoloArrowLeftHalign:\"left\",\n\t\t\t\t\t\tsoloArrowLeftValign:\"center\",\n\t\t\t\t\t\tsoloArrowLeftHOffset:20,\n\t\t\t\t\t\tsoloArrowLeftVOffset:0,\n\n\t\t\t\t\t\tsoloArrowRightHalign:\"right\",\n\t\t\t\t\t\tsoloArrowRightValign:\"center\",\n\t\t\t\t\t\tsoloArrowRightHOffset:20,\n\t\t\t\t\t\tsoloArrowRightVOffset:0,\n\t\t\t\t\t\t\t\t\n\t\t\t\t\t\tshadow:0,\n\t\t\t\t\t\tfullWidth:\"on\",\n\t\t\t\t\t\tfullScreen:\"off\",\n\n\t\t\t\t\t\tstopLoop:\"off\",\n\t\t\t\t\t\tstopAfterLoops:-1,\n\t\t\t\t\t\tstopAtSlide:-1,\n\n\t\t\t\t\t\tshuffle:\"off\",\n\t\t\t\t\t\t\n\t\t\t\t\t\thideSliderAtLimit:0,\n\t\t\t\t\t\thideCaptionAtLimit:0,\n\t\t\t\t\t\thideAllCaptionAtLilmit:0,\n\t\t\t\t\t\tstartWithSlide:0,\n\t\t\t\t\t\tvideoJsPath:\"http:\/\/www.yasodan.com\/es\/wp-content\/plugins\/revslider\/rs-plugin\/videojs\/\",\n\t\t\t\t\t\tfullScreenOffsetContainer: \"\"\t\n\t\t\t\t\t});\n\t\t\t\t\n\t\t\t\t});\t\/\/ready\n\t\t\t\t\n\t\t\t<\/script>\n\t\t\t\n\t\t\t\t\t\t\t<!-- END REVOLUTION SLIDER -->\n\t\t\t\t\n<p>&nbsp;<\/p>\n<h1>Principios y \u00e9tica<\/h1>\n<p style=\"text-align: justify;\">Seg\u00fan el sociologo brit\u00e1nico <strong>John Ruskin<\/strong><em> \u00abLa calidad nunca es un accidente, siempre es el resultado de mucho esfuerzo y de la inteligencia, hay que tener siempre deseo de mejorar las cosas \u00ab<\/em>. La puesta en pr\u00e1ctica de este principio ha sido nuestra escalera hacia el \u00e9xito.<\/p>\n<p style=\"text-align: justify;\">Nuestros principios se basan en la creaci\u00f3n de valor a\u00f1adido y la satisfacci\u00f3n de nuestros Clientes, Proveedores, Distribuidores, Asociados y nuestro Equipo Humano.<\/p>\n<p style=\"text-align: justify;\">Las relaciones con nuestros Clientes, Proveedores , Distribuidores y Asociados son claras, honestas y transparentes en todos nuestros tratos, consiguiendo as\u00ed la confianza de ellos en nosotros.<\/p>\n<p style=\"text-align: justify;\">La opini\u00f3n de nuestros Clientes, Proveedores, Distribuidores, Asociados y de nuestro Equipo Humano es muy importante para nosotros.<\/p>\n<p style=\"text-align: justify;\">Para alcanzar esta confianza y ser siempre la primera opci\u00f3n para nuestros socios comerciales, nuestro comportamiento se basa en los siguientes valores: buen gobierno de conducta, <strong>honestidad<\/strong>, <strong>transparencia<\/strong>, <strong>servicio<\/strong>, <strong>integridad<\/strong>, <strong>respeto<\/strong> y <strong>compromiso<\/strong> con nuestros Clientes, Proveedores, Distribuidores, Asociados y con la Sociedad.<\/p>\n<p>&nbsp;<\/p>\n","protected":false},"excerpt":{"rendered":"<p>&nbsp; Principios y \u00e9tica Seg\u00fan el sociologo brit\u00e1nico John Ruskin \u00abLa calidad nunca es un accidente, siempre es el resultado de mucho esfuerzo y de la inteligencia, hay que tener\u2026 <a href=\"http:\/\/www.yasodan.com\/es\/sobre-nosotros\/principios-y-etica\/\" class=\"read-more-link\">leer m\u00e1s &rarr;<\/a><\/p>\n","protected":false},"author":1,"featured_media":0,"parent":40,"menu_order":0,"comment_status":"closed","ping_status":"open","template":"page-fullwidth.php","meta":[],"_links":{"self":[{"href":"http:\/\/www.yasodan.com\/es\/wp-json\/wp\/v2\/pages\/263"}],"collection":[{"href":"http:\/\/www.yasodan.com\/es\/wp-json\/wp\/v2\/pages"}],"about":[{"href":"http:\/\/www.yasodan.com\/es\/wp-json\/wp\/v2\/types\/page"}],"author":[{"embeddable":true,"href":"http:\/\/www.yasodan.com\/es\/wp-json\/wp\/v2\/users\/1"}],"replies":[{"embeddable":true,"href":"http:\/\/www.yasodan.com\/es\/wp-json\/wp\/v2\/comments?post=263"}],"version-history":[{"count":8,"href":"http:\/\/www.yasodan.com\/es\/wp-json\/wp\/v2\/pages\/263\/revisions"}],"predecessor-version":[{"id":538,"href":"http:\/\/www.yasodan.com\/es\/wp-json\/wp\/v2\/pages\/263\/revisions\/538"}],"up":[{"embeddable":true,"href":"http:\/\/www.yasodan.com\/es\/wp-json\/wp\/v2\/pages\/40"}],"wp:attachment":[{"href":"http:\/\/www.yasodan.com\/es\/wp-json\/wp\/v2\/media?parent=263"}],"curies":[{"name":"wp","href":"https:\/\/api.w.org\/{rel}","templated":true}]}}