{"id":27,"date":"2014-07-30T12:44:14","date_gmt":"2014-07-30T12:44:14","guid":{"rendered":"http:\/\/www.yasodan.com\/es\/?page_id=27"},"modified":"2014-08-29T08:46:25","modified_gmt":"2014-08-29T08:46:25","slug":"inicio","status":"publish","type":"page","link":"http:\/\/www.yasodan.com\/es\/","title":{"rendered":"Inicio"},"content":{"rendered":"<div class=\"as-styles-warning\" style=\"width: 450px; background-color: #FFF; color: #F00; border: 1px solid #F00; padding: 10px; font-size: 14px;\">\n\t\t\t<span style=\"font-weight: bold;\">Warning: The stylesheets were not loaded!<\/span> \n\t\t\tYou will need to change the <i>Load stylesheets<\/i> setting from <i>Automatically<\/i> to <i>On homepage<\/i> or <i>On all pages<\/i>. \n\t\t\tYou can set that <a style=\"text-decoration: underline; color: #F00;\" href=\"http:\/\/www.yasodan.com\/es\/wp-admin\/admin.php?page=accordion-slider-settings\">here<\/a>.\n\t\t\t<\/div>\r\n<div id=\"accordion-slider-1\" class=\"accordion-slider as-no-js\" style=\"width: 960px; height: 320px;\">\r\n\t<div class=\"as-panels\">\r\n\t\t\r\n\t\t<div class=\"as-panel\">\r\n\t\t\t<a class=\"\" href=\"http:\/\/www.yasodan.com\/es\/sobre-nosotros\/nuestro-compromiso\/\" title=\"Nuestro compromiso\" target=\"_self\">\r\n\t\t\t\t<img class=\"as-background\" src=\"http:\/\/www.yasodan.com\/es\/wp-content\/uploads\/2014\/07\/nuestro-compromiso.jpg\" alt=\"Nuestro compromiso\" width=\"700\" height=\"322\" \/>\r\n\t\t\t<\/a>\r\n\t\t\t\r\n\t\t\t<p class=\"as-layer as-always as-black as-padding\" data-width=\"960\" data-position=\"bottomLeft\" data-height=\"60px\"><br \/>NUESTRO COMPROMISO<\/p>\r\n\t\t<\/div>\r\n\t\t<div class=\"as-panel\">\r\n\t\t\t<a class=\"\" href=\"http:\/\/www.yasodan.com\/es\/sobre-nosotros\/responsabilidad-social\/\" title=\"Responsabilidad social\" target=\"_self\">\r\n\t\t\t\t<img class=\"as-background\" src=\"http:\/\/www.yasodan.com\/es\/wp-content\/uploads\/2014\/07\/responsabilidad-social.jpg\" alt=\"Responsabilidad social\" width=\"700\" height=\"322\" \/>\r\n\t\t\t<\/a>\r\n\t\t\t\r\n\t\t\t<p class=\"as-layer as-always as-black as-padding\" data-width=\"960\" data-position=\"bottomLeft\" data-height=\"60px\">RESPONSABILIDAD<br \/>SOCIAL CORPORATIVA<\/p>\r\n\t\t<\/div>\r\n\t\t<div class=\"as-panel\">\r\n\t\t\t<a class=\"\" href=\"http:\/\/www.yasodan.com\/es\/calidad-y-seguridad\/\" title=\"calidad y seguridad\" target=\"_self\">\r\n\t\t\t\t<img class=\"as-background\" src=\"http:\/\/www.yasodan.com\/es\/wp-content\/uploads\/2014\/07\/calidad-seguridad.jpg\" alt=\"calidad y seguridad\" width=\"765\" height=\"407\" \/>\r\n\t\t\t<\/a>\r\n\t\t\t\r\n\t\t\t<p class=\"as-layer as-always as-black as-padding\" data-width=\"960\" data-position=\"bottomLeft\" data-height=\"60px\"><br \/>CALIDAD Y SEGURIDAD<\/p>\r\n\t\t<\/div>\r\n\t\t<div class=\"as-panel\">\r\n\t\t\t<a class=\"\" href=\"http:\/\/www.yasodan.com\/es\/productos\/\" title=\"Productos\" target=\"_self\">\r\n\t\t\t\t<img class=\"as-background\" src=\"http:\/\/www.yasodan.com\/es\/wp-content\/uploads\/2014\/07\/producto.jpg\" width=\"765\" height=\"407\" \/>\r\n\t\t\t<\/a>\r\n\t\t\t\r\n\t\t\t<p class=\"as-layer as-always as-black as-padding\" data-width=\"960\" data-position=\"bottomLeft\" data-height=\"60px\"><br \/>PRODUCTOS\n\n<\/p>\r\n\t\t<\/div>\r\n\t\t<div class=\"as-panel\">\r\n\t\t\t<a class=\"\" href=\"http:\/\/www.yasodan.com\/es\/ofertas\/\" title=\"Ofertas\" target=\"_self\">\r\n\t\t\t\t<img class=\"as-background\" src=\"http:\/\/www.yasodan.com\/es\/wp-content\/uploads\/2014\/07\/ofertas.jpg\" width=\"765\" height=\"407\" \/>\r\n\t\t\t<\/a>\r\n\t\t\t\r\n\t\t\t<p class=\"as-layer as-always as-black as-padding\" data-width=\"960\" data-position=\"bottomLeft\" data-height=\"60px\"><br \/>OFERTAS<\/p>\r\n\t\t<\/div>\r\n\t<\/div>\r\n<\/div>\n<p>&nbsp;<\/p>\n<div class=\"three_fifth\">\n<a href=\"http:\/\/www.yasodan.com\/es\/sobre-nosotros\/\">\u00a0<\/a><\/p>\n<p style=\"font-size: 28px;\"><a href=\"http:\/\/www.yasodan.com\/es\/sobre-nosotros\/\">\u00bfPor qu\u00e9 Yasodan?<\/a>\u00a0\u00a0\u00a0\u00a0\u00a0\u00a0\u00a0\u00a0 Introducci\u00f3n<\/p>\n<p style=\"text-align: justify;\"><span class=\"responsive\"><a href=\"http:\/\/www.yasodan.com\/es\/sobre-nosotros\/\"><img loading=\"lazy\" class=\"alignleft wp-image-549\" src=\"http:\/\/www.yasodan.com\/es\/wp-content\/uploads\/2014\/07\/porque-yasodan.jpg\" alt=\"\" width=\"240\" height=\"240\" srcset=\"http:\/\/www.yasodan.com\/es\/wp-content\/uploads\/2014\/07\/porque-yasodan.jpg 300w, http:\/\/www.yasodan.com\/es\/wp-content\/uploads\/2014\/07\/porque-yasodan-150x150.jpg 150w, http:\/\/www.yasodan.com\/es\/wp-content\/uploads\/2014\/07\/porque-yasodan-60x60.jpg 60w\" sizes=\"(max-width: 240px) 100vw, 240px\" \/><\/a><\/span><\/p>\n<p style=\"text-align: justify;\"><strong>\u00a1Bienvenido a Yasodan! <\/strong>Somos una empresa de trading especializada en exportaci\u00f3n e importaci\u00f3n de todo tipo de productos. A lo largo de 75 a\u00f1os nos hemos ganado la confianza de nuestros Proveedores, Clientes y Distribuidores, convirti\u00e9ndonos en l\u00edderes en\u00a0 comercio internacional.<\/p>\n<p style=\"text-align: justify;\">Yasodan cuenta con una red comercial mundial de exportadores, importadores, proveedores, distribuidores, mayoristas y clientes directos que nos permite estar preparados para satisfacer cualquier demanda de mercado de cualquier producto en cualquier parte del mundo. Ofrecemos precios competitivos, garant\u00eda de\u00a0 calidad y\u00a0 eficiencia.<\/p>\n<p style=\"text-align: justify;\">Yasodan tiene como objetivo principal de crear un valor a\u00f1adido a todos nuestros Proveedores, Clientes, Distribuidores y Asociados interes\u00e1ndonos con profundidad en el conocimiento de sus necesidades. Somos un equipo que ponemos dedicaci\u00f3n y empe\u00f1o en todos nuestros negocios y comprometidos a lograr nuestros objetivos, ofreciendo productos de calidad y un servicio inmejorable a nuestros Business Partners.<\/p>\n<\/div>\n<div class=\"one_fifth\"><!-- Widget Shortcode -->\n\t\t<div id=\"recent-posts-2\" class=\"widget widget_recent_entries widget-shortcode area-arbitrary \">\n\t\t<h2 class=\"widgettitle\">Noticias y eventos<\/h2>\n\t\t<ul>\n\t\t\t\t\t\t\t\t\t\t\t<li>\n\t\t\t\t\t<a href=\"http:\/\/www.yasodan.com\/es\/por-que-yasodan\/\">\u00bfPor qu\u00e9 Yasodan?<\/a>\n\t\t\t\t\t\t\t\t\t<\/li>\n\t\t\t\t\t<\/ul>\n\n\t\t<\/div><!-- \/Widget Shortcode --><\/div>\n<div class=\"one_fifth last\">\n<!-- Widget Shortcode --><div id=\"nav_menu-8\" class=\"widget widget_nav_menu widget-shortcode area-arbitrary \"><h2 class=\"widgettitle\">Enlaces de inter\u00e9s<\/h2><div class=\"menu-enlaces-de-interes-container\"><ul id=\"menu-enlaces-de-interes\" class=\"menu\"><li id=\"menu-item-452\" class=\"menu-item menu-item-type-post_type menu-item-object-page menu-item-452\"><a href=\"http:\/\/www.yasodan.com\/es\/sobre-nosotros\/calidad-y-seguridad\/\">Calidad y seguridad<\/a><\/li>\n<li id=\"menu-item-453\" class=\"menu-item menu-item-type-post_type menu-item-object-page menu-item-453\"><a href=\"http:\/\/www.yasodan.com\/es\/sobre-nosotros\/responsabilidad-social\/\">Responsabilidad social<\/a><\/li>\n<li id=\"menu-item-385\" class=\"menu-item menu-item-type-post_type menu-item-object-page menu-item-385\"><a href=\"http:\/\/www.yasodan.com\/es\/descargas-y-links-de-interes\/\">Descargas y Links de inter\u00e9s<\/a><\/li>\n<li id=\"menu-item-384\" class=\"menu-item menu-item-type-post_type menu-item-object-page menu-item-384\"><a href=\"http:\/\/www.yasodan.com\/es\/trabaja-con-nosotros\/\">Trabaja con nosotros<\/a><\/li>\n<li id=\"menu-item-383\" class=\"menu-item menu-item-type-post_type menu-item-object-page menu-item-383\"><a href=\"http:\/\/www.yasodan.com\/es\/nuestras-marcas\/\">Nuestras marcas<\/a><\/li>\n<li id=\"menu-item-382\" class=\"menu-item menu-item-type-post_type menu-item-object-page menu-item-382\"><a href=\"http:\/\/www.yasodan.com\/es\/faqs\/\">FAQ&#8217;s<\/a><\/li>\n<li id=\"menu-item-675\" class=\"menu-item menu-item-type-custom menu-item-object-custom menu-item-675\"><a href=\"http:\/\/www.yasodan.com\/es\/galeria-fotografica\/\">Galer\u00eda fotogr\u00e1fica<\/a><\/li>\n<li id=\"menu-item-678\" class=\"menu-item menu-item-type-post_type menu-item-object-page menu-item-678\"><a href=\"http:\/\/www.yasodan.com\/es\/contacto\/\">Comentarios y Sugerencias<\/a><\/li>\n<li id=\"menu-item-688\" class=\"menu-item menu-item-type-post_type menu-item-object-page menu-item-688\"><a href=\"http:\/\/www.yasodan.com\/es\/nuestro-equipo\/\">Nuestro equipo<\/a><\/li>\n<\/ul><\/div><\/div><!-- \/Widget Shortcode -->\n<\/div>\n<div class=\"clear\"><\/div>\n","protected":false},"excerpt":{"rendered":"<p>&nbsp; \u00a0 \u00bfPor qu\u00e9 Yasodan?\u00a0\u00a0\u00a0\u00a0\u00a0\u00a0\u00a0\u00a0 Introducci\u00f3n \u00a1Bienvenido a Yasodan! Somos una empresa de trading especializada en exportaci\u00f3n e importaci\u00f3n de todo tipo de productos. A lo largo de 75 a\u00f1os\u2026 <a href=\"http:\/\/www.yasodan.com\/es\/\" class=\"read-more-link\">leer m\u00e1s &rarr;<\/a><\/p>\n","protected":false},"author":1,"featured_media":147,"parent":0,"menu_order":0,"comment_status":"open","ping_status":"open","template":"page-fullwidth.php","meta":[],"_links":{"self":[{"href":"http:\/\/www.yasodan.com\/es\/wp-json\/wp\/v2\/pages\/27"}],"collection":[{"href":"http:\/\/www.yasodan.com\/es\/wp-json\/wp\/v2\/pages"}],"about":[{"href":"http:\/\/www.yasodan.com\/es\/wp-json\/wp\/v2\/types\/page"}],"author":[{"embeddable":true,"href":"http:\/\/www.yasodan.com\/es\/wp-json\/wp\/v2\/users\/1"}],"replies":[{"embeddable":true,"href":"http:\/\/www.yasodan.com\/es\/wp-json\/wp\/v2\/comments?post=27"}],"version-history":[{"count":105,"href":"http:\/\/www.yasodan.com\/es\/wp-json\/wp\/v2\/pages\/27\/revisions"}],"predecessor-version":[{"id":627,"href":"http:\/\/www.yasodan.com\/es\/wp-json\/wp\/v2\/pages\/27\/revisions\/627"}],"wp:featuredmedia":[{"embeddable":true,"href":"http:\/\/www.yasodan.com\/es\/wp-json\/wp\/v2\/media\/147"}],"wp:attachment":[{"href":"http:\/\/www.yasodan.com\/es\/wp-json\/wp\/v2\/media?parent=27"}],"curies":[{"name":"wp","href":"https:\/\/api.w.org\/{rel}","templated":true}]}}