{"id":271,"date":"2014-08-11T10:56:16","date_gmt":"2014-08-11T10:56:16","guid":{"rendered":"http:\/\/www.yasodan.com\/es\/?page_id=271"},"modified":"2014-08-20T11:34:06","modified_gmt":"2014-08-20T11:34:06","slug":"calidad-y-seguridad","status":"publish","type":"page","link":"http:\/\/www.yasodan.com\/es\/sobre-nosotros\/calidad-y-seguridad\/","title":{"rendered":"Calidad y seguridad"},"content":{"rendered":"\t\t\t\t\n\t\t\t\t<!-- START REVOLUTION SLIDER 3.0.95 fullwidth mode -->\n\t\t\t\t\n\t\t\t\t\t\t\t\t\n\t\t\t\t<link rel='stylesheet' id='rev-google-font' href='http:\/\/fonts.googleapis.com\/css?family=Muli:400' type='text\/css' media='all' \/><script type='text\/javascript' src='http:\/\/www.yasodan.com\/es\/wp-content\/plugins\/revslider\/rs-plugin\/js\/jquery.themepunch.revolution.min.js'><\/script>\t\t\t\t<div id=\"rev_slider_9_1_wrapper\" class=\"rev_slider_wrapper fullwidthbanner-container\" style=\"margin:0px auto;background-color:#E9E9E9;padding:0px;margin-top:0px;margin-bottom:0px;max-height:174px;\">\n\t\t\t\t\t<div id=\"rev_slider_9_1\" class=\"rev_slider fullwidthabanner\" style=\"display:none;max-height:174px;height:174;\">\t\t\t\t\t\t\n\t\t\t\t\t\t\t\t\t\t<ul>\n\t\t\t\t\t\t\t\t<li data-transition=\"slotslide-horizontal\" data-slotamount=\"7\" data-masterspeed=\"300\"  data-fstransition=\"slotslide-horizontal\" data-fsmasterspeed=\"300\" data-fsslotamount=\"7\">\n\t\t\t\t\t\t<img src=\"http:\/\/www.yasodan.com\/es\/wp-content\/uploads\/2014\/08\/cabecera-calidad-1.jpg\"  alt=\"cabecera-calidad-1\"  data-fullwidthcentering=\"on\">\n\t\t\t\t\t\t\t\t\t\t\t<\/li>\n\t\t\t\t\t\t\t\t\t<li data-transition=\"slotslide-horizontal\" data-slotamount=\"7\" data-masterspeed=\"300\" >\n\t\t\t\t\t\t<img src=\"http:\/\/www.yasodan.com\/es\/wp-content\/uploads\/2014\/08\/cabecera-calidad-2.jpg\"  alt=\"cabecera-calidad-2\"  data-fullwidthcentering=\"on\">\n\t\t\t\t\t\t\t\t\t\t\t<\/li>\n\t\t\t\t\t\t\t\t\t<li data-transition=\"slotslide-horizontal\" data-slotamount=\"7\" data-masterspeed=\"300\" >\n\t\t\t\t\t\t<img src=\"http:\/\/www.yasodan.com\/es\/wp-content\/uploads\/2014\/08\/cabecera-calidad-3.jpg\"  alt=\"cabecera-calidad-3\" >\n\t\t\t\t\t\t\t\t\t\t\t<\/li>\n\t\t\t\t\t\t\t\t<\/ul>\n\t\t\t\t\t\t\t\t\t\t\t\t\t\t<\/div>\n\t\t\t\t<\/div>\t\t\t\t\n\t\t\t\t\t\t\t\n\t\t\t<script type=\"text\/javascript\">\n\n\t\t\t\tvar tpj=jQuery;\n\t\t\t\t\n\t\t\t\t\t\t\t\t\ttpj.noConflict();\n\t\t\t\t\t\t\t\t\n\t\t\t\tvar revapi9;\n\t\t\t\t\n\t\t\t\ttpj(document).ready(function() {\n\t\t\t\t\n\t\t\t\tif (tpj.fn.cssOriginal != undefined)\n\t\t\t\t\ttpj.fn.css = tpj.fn.cssOriginal;\n\t\t\t\t\n\t\t\t\tif(tpj('#rev_slider_9_1').revolution == undefined)\n\t\t\t\t\trevslider_showDoubleJqueryError('#rev_slider_9_1');\n\t\t\t\telse\n\t\t\t\t   revapi9 = tpj('#rev_slider_9_1').show().revolution(\n\t\t\t\t\t{\n\t\t\t\t\t\tdelay:5000,\n\t\t\t\t\t\tstartwidth:940,\n\t\t\t\t\t\tstartheight:174,\n\t\t\t\t\t\thideThumbs:200,\n\t\t\t\t\t\t\n\t\t\t\t\t\tthumbWidth:100,\n\t\t\t\t\t\tthumbHeight:50,\n\t\t\t\t\t\tthumbAmount:3,\n\t\t\t\t\t\t\n\t\t\t\t\t\tnavigationType:\"none\",\n\t\t\t\t\t\tnavigationArrows:\"none\",\n\t\t\t\t\t\tnavigationStyle:\"round\",\n\t\t\t\t\t\t\n\t\t\t\t\t\ttouchenabled:\"off\",\n\t\t\t\t\t\tonHoverStop:\"off\",\n\t\t\t\t\t\t\n\t\t\t\t\t\tnavigationHAlign:\"center\",\n\t\t\t\t\t\tnavigationVAlign:\"bottom\",\n\t\t\t\t\t\tnavigationHOffset:0,\n\t\t\t\t\t\tnavigationVOffset:20,\n\n\t\t\t\t\t\tsoloArrowLeftHalign:\"left\",\n\t\t\t\t\t\tsoloArrowLeftValign:\"center\",\n\t\t\t\t\t\tsoloArrowLeftHOffset:20,\n\t\t\t\t\t\tsoloArrowLeftVOffset:0,\n\n\t\t\t\t\t\tsoloArrowRightHalign:\"right\",\n\t\t\t\t\t\tsoloArrowRightValign:\"center\",\n\t\t\t\t\t\tsoloArrowRightHOffset:20,\n\t\t\t\t\t\tsoloArrowRightVOffset:0,\n\t\t\t\t\t\t\t\t\n\t\t\t\t\t\tshadow:0,\n\t\t\t\t\t\tfullWidth:\"on\",\n\t\t\t\t\t\tfullScreen:\"off\",\n\n\t\t\t\t\t\tstopLoop:\"off\",\n\t\t\t\t\t\tstopAfterLoops:-1,\n\t\t\t\t\t\tstopAtSlide:-1,\n\n\t\t\t\t\t\tshuffle:\"off\",\n\t\t\t\t\t\t\n\t\t\t\t\t\thideSliderAtLimit:0,\n\t\t\t\t\t\thideCaptionAtLimit:0,\n\t\t\t\t\t\thideAllCaptionAtLilmit:0,\n\t\t\t\t\t\tstartWithSlide:0,\n\t\t\t\t\t\tvideoJsPath:\"http:\/\/www.yasodan.com\/es\/wp-content\/plugins\/revslider\/rs-plugin\/videojs\/\",\n\t\t\t\t\t\tfullScreenOffsetContainer: \"\"\t\n\t\t\t\t\t});\n\t\t\t\t\n\t\t\t\t});\t\/\/ready\n\t\t\t\t\n\t\t\t<\/script>\n\t\t\t\n\t\t\t\t\t\t\t<!-- END REVOLUTION SLIDER -->\n\t\t\t\t\n<p>&nbsp;<\/p>\n<h1>Calidad y seguridad<\/h1>\n<p style=\"text-align: justify;\">La Seguridad y Calidad de lo productos alimentarios es un tema que nos preocupa a todos hoy en d\u00eda.<\/p>\n<p style=\"text-align: justify;\">Nuestro objetivo es <strong>proveer productos que sean seguros<\/strong>, <strong>confiables<\/strong> y que <strong>cumplan con los mas altos standares de seguridad y calidad<\/strong>, bajo estrictas <strong>normas internacionales<\/strong>, satisfaciendo plenamente los requerimientos y las expectativas de nuestros Clientes.<\/p>\n<p style=\"text-align: justify;\">Con \u00e9ste prop\u00f3sito, sostenemos una compa\u00f1\u00eda basada en la mejora continua, que nos permite maximizar el valor de nuestra empresa .<\/p>\n<p style=\"text-align: justify;\">En Yasodan, llevamos a cabo nuestro compromiso de calidad a trav\u00e9s de las siguientes premisas:<\/p>\n<ul style=\"text-align: justify;\">\n<li>Garantizar agilidad y seguridad en todas nuestras operaciones a trav\u00e9s de una actitud proactiva y acciones din\u00e1micas.<\/li>\n<li>Controlar a los distintos medios de transportes que forman parte de la cadena de distribuci\u00f3n de nuestros productos.<\/li>\n<li>Potenciamos el uso eficaz de los Recursos Humanos y tecnol\u00f3gicos a fin de asegurar la calidad de los productos, ofreciendo un alto grado de fiabilidad y calidad de servicio.<\/li>\n<\/ul>\n<p style=\"text-align: justify;\">\n","protected":false},"excerpt":{"rendered":"<p>&nbsp; Calidad y seguridad La Seguridad y Calidad de lo productos alimentarios es un tema que nos preocupa a todos hoy en d\u00eda. Nuestro objetivo es proveer productos que sean\u2026 <a href=\"http:\/\/www.yasodan.com\/es\/sobre-nosotros\/calidad-y-seguridad\/\" class=\"read-more-link\">leer m\u00e1s &rarr;<\/a><\/p>\n","protected":false},"author":1,"featured_media":0,"parent":40,"menu_order":0,"comment_status":"closed","ping_status":"open","template":"page-fullwidth.php","meta":[],"_links":{"self":[{"href":"http:\/\/www.yasodan.com\/es\/wp-json\/wp\/v2\/pages\/271"}],"collection":[{"href":"http:\/\/www.yasodan.com\/es\/wp-json\/wp\/v2\/pages"}],"about":[{"href":"http:\/\/www.yasodan.com\/es\/wp-json\/wp\/v2\/types\/page"}],"author":[{"embeddable":true,"href":"http:\/\/www.yasodan.com\/es\/wp-json\/wp\/v2\/users\/1"}],"replies":[{"embeddable":true,"href":"http:\/\/www.yasodan.com\/es\/wp-json\/wp\/v2\/comments?post=271"}],"version-history":[{"count":7,"href":"http:\/\/www.yasodan.com\/es\/wp-json\/wp\/v2\/pages\/271\/revisions"}],"predecessor-version":[{"id":537,"href":"http:\/\/www.yasodan.com\/es\/wp-json\/wp\/v2\/pages\/271\/revisions\/537"}],"up":[{"embeddable":true,"href":"http:\/\/www.yasodan.com\/es\/wp-json\/wp\/v2\/pages\/40"}],"wp:attachment":[{"href":"http:\/\/www.yasodan.com\/es\/wp-json\/wp\/v2\/media?parent=271"}],"curies":[{"name":"wp","href":"https:\/\/api.w.org\/{rel}","templated":true}]}}