{"id":379,"date":"2014-08-14T10:30:27","date_gmt":"2014-08-14T10:30:27","guid":{"rendered":"http:\/\/www.yasodan.com\/es\/?page_id=379"},"modified":"2014-09-02T12:45:44","modified_gmt":"2014-09-02T12:45:44","slug":"faqs","status":"publish","type":"page","link":"http:\/\/www.yasodan.com\/es\/faqs\/","title":{"rendered":"FAQ&#8217;s"},"content":{"rendered":"<h1>Lista de preguntas y respuestas generales<\/h1>\n<div class=\"toggle\">\n<div class=\"toggle-title active\"><i class='icon-question-sign'><\/i>\u00bfPor qu\u00e9 trabajar con nosotros?<span><\/span><\/div>\n<div class=\"toggle-inner\">\n<p>Yasodan tiene el objetivo de ayudar a las empresas que desean constituir o fortalecer su red comercial a nivel mundial, y a encontrar el socio adecuado (Exportadores, Importadores, Proveedores, Distribuidores, Mayoristas y Clientes directos).<\/p>\n<\/div>\n<\/div>\n<div class=\"toggle\">\n<div class=\"toggle-title active\"><i class='icon-question-sign'><\/i>\u00bfEn qu\u00e9 sectores estamos especializados?<span><\/span><\/div>\n<div class=\"toggle-inner\">\n<p>Nuestra red mundial de contactos nos permite estar preparados para atender cualquier demanda de cualquier producto.<\/p>\n<\/div>\n<\/div>\n<div class=\"toggle\">\n<div class=\"toggle-title active\"><i class='icon-question-sign'><\/i>\u00bfC\u00f3mo puedo contactar con Yasodan?<span><\/span><\/div>\n<div class=\"toggle-inner\">\n<p>Puede contactar con nosotros a trav\u00e9s de nuestro formulario de contacto y de consulta.<\/p>\n<p>Nuestras oficinas centrales se encuentran en la siguiente direcci\u00f3n:<\/p>\n<p>Calle Antonio Fuentes-27<\/p>\n<p>28043-Madrid-Espa\u00f1a<\/p>\n<p>Tel. +34 913 270 029 Fax. +34 913 750 660<\/p>\n<\/div>\n<\/div>\n<div class=\"toggle\">\n<div class=\"toggle-title \"><i class='icon-question-sign'><\/i>\u00bfC\u00f3mo puedo promocionar un producto a trav\u00e9s del portal Yasodan?<span><\/span><\/div>\n<div class=\"toggle-inner\">\n<p>Promocionamos y damos publicidad a sus productos en nuestra secci\u00f3n de \u00faltimas ofertas. Mediante este concepto de negocio gestionamos sus productos, involucr\u00e1ndonos directamente en la comercializaci\u00f3n de los mismos.<\/p>\n<p>Si es profesional de una empresa din\u00e1mica, proactiva, innovadora y quiere abrirse a nuevos mercados, cont\u00e1ctenos.<\/p>\n<\/div>\n<\/div>\n<div class=\"toggle\">\n<div class=\"toggle-title active\"><i class='icon-question-sign'><\/i>\u00bfC\u00f3mo puedo enterarme de los eventos promocionales de determinado sector fuera de Espa\u00f1a? \u00bfCu\u00e1les son las principales ferias en el extranjero?<span><\/span><\/div>\n<div class=\"toggle-inner\">\n<p>Una de nuestras funciones es ayudarle a participar en ferias internacionales y misiones comerciales, p\u00f3ngase en contacto con nuestro equipo para conocer las \u00faltimas novedades.<\/p>\n<\/div>\n<\/div>\n","protected":false},"excerpt":{"rendered":"<p>Lista de preguntas y respuestas generales \u00bfPor qu\u00e9 trabajar con nosotros? Yasodan tiene el objetivo de ayudar a las empresas que desean constituir o fortalecer su red comercial a nivel\u2026 <a href=\"http:\/\/www.yasodan.com\/es\/faqs\/\" class=\"read-more-link\">leer m\u00e1s &rarr;<\/a><\/p>\n","protected":false},"author":1,"featured_media":0,"parent":0,"menu_order":0,"comment_status":"closed","ping_status":"open","template":"page-fullwidth.php","meta":[],"_links":{"self":[{"href":"http:\/\/www.yasodan.com\/es\/wp-json\/wp\/v2\/pages\/379"}],"collection":[{"href":"http:\/\/www.yasodan.com\/es\/wp-json\/wp\/v2\/pages"}],"about":[{"href":"http:\/\/www.yasodan.com\/es\/wp-json\/wp\/v2\/types\/page"}],"author":[{"embeddable":true,"href":"http:\/\/www.yasodan.com\/es\/wp-json\/wp\/v2\/users\/1"}],"replies":[{"embeddable":true,"href":"http:\/\/www.yasodan.com\/es\/wp-json\/wp\/v2\/comments?post=379"}],"version-history":[{"count":4,"href":"http:\/\/www.yasodan.com\/es\/wp-json\/wp\/v2\/pages\/379\/revisions"}],"predecessor-version":[{"id":769,"href":"http:\/\/www.yasodan.com\/es\/wp-json\/wp\/v2\/pages\/379\/revisions\/769"}],"wp:attachment":[{"href":"http:\/\/www.yasodan.com\/es\/wp-json\/wp\/v2\/media?parent=379"}],"curies":[{"name":"wp","href":"https:\/\/api.w.org\/{rel}","templated":true}]}}