{"id":40,"date":"2014-07-30T14:10:17","date_gmt":"2014-07-30T14:10:17","guid":{"rendered":"http:\/\/www.yasodan.com\/es\/?page_id=40"},"modified":"2014-08-29T10:49:35","modified_gmt":"2014-08-29T10:49:35","slug":"sobre-nosotros","status":"publish","type":"page","link":"http:\/\/www.yasodan.com\/es\/sobre-nosotros\/","title":{"rendered":"Sobre nosotros"},"content":{"rendered":"\t\t\t\t\n\t\t\t\t<!-- START REVOLUTION SLIDER 3.0.95 fullwidth mode -->\n\t\t\t\t\n\t\t\t\t\t\t\t\t\n\t\t\t\t\t\t\t\t<div id=\"rev_slider_1_1_wrapper\" class=\"rev_slider_wrapper fullwidthbanner-container\" style=\"margin:0px auto;background-color:#E9E9E9;padding:0px;margin-top:0px;margin-bottom:0px;max-height:174px;\">\n\t\t\t\t\t<div id=\"rev_slider_1_1\" class=\"rev_slider fullwidthabanner\" style=\"display:none;max-height:174px;height:174;\">\t\t\t\t\t\t\n\t\t\t\t\t\t\t\t\t\t<ul>\n\t\t\t\t\t\t\t\t<li data-transition=\"slotslide-horizontal\" data-slotamount=\"7\" data-masterspeed=\"300\" >\n\t\t\t\t\t\t<img src=\"http:\/\/www.yasodan.com\/es\/wp-content\/uploads\/2014\/07\/cabecera-sobre-nosotros.jpg\"  alt=\"cabecera-sobre-nosotros\" >\n\t\t\t\t\t\t\t\t\t\t\t<\/li>\n\t\t\t\t\t\t\t\t\t<li data-transition=\"slotslide-horizontal\" data-slotamount=\"7\" data-masterspeed=\"300\" >\n\t\t\t\t\t\t<img src=\"http:\/\/www.yasodan.com\/es\/wp-content\/uploads\/2014\/08\/cabecera-sobre-nosotros-2.jpg\"  alt=\"cabecera-sobre-nosotros-2\" >\n\t\t\t\t\t\t\t\t\t\t\t<\/li>\n\t\t\t\t\t\t\t\t\t<li data-transition=\"slotslide-horizontal\" data-slotamount=\"7\" data-masterspeed=\"300\" >\n\t\t\t\t\t\t<img src=\"http:\/\/www.yasodan.com\/es\/wp-content\/uploads\/2014\/08\/cabecera-sobre-nosotros-3.jpg\"  alt=\"cabecera-sobre-nosotros-3\" >\n\t\t\t\t\t\t\t\t\t\t\t<\/li>\n\t\t\t\t\t\t\t\t<\/ul>\n\t\t\t\t\t\t\t\t\t\t\t\t\t\t<\/div>\n\t\t\t\t<\/div>\t\t\t\t\n\t\t\t\t\t\t\t\n\t\t\t<script type=\"text\/javascript\">\n\n\t\t\t\tvar tpj=jQuery;\n\t\t\t\t\n\t\t\t\t\t\t\t\t\ttpj.noConflict();\n\t\t\t\t\t\t\t\t\n\t\t\t\tvar revapi1;\n\t\t\t\t\n\t\t\t\ttpj(document).ready(function() {\n\t\t\t\t\n\t\t\t\tif (tpj.fn.cssOriginal != undefined)\n\t\t\t\t\ttpj.fn.css = tpj.fn.cssOriginal;\n\t\t\t\t\n\t\t\t\tif(tpj('#rev_slider_1_1').revolution == undefined)\n\t\t\t\t\trevslider_showDoubleJqueryError('#rev_slider_1_1');\n\t\t\t\telse\n\t\t\t\t   revapi1 = tpj('#rev_slider_1_1').show().revolution(\n\t\t\t\t\t{\n\t\t\t\t\t\tdelay:5000,\n\t\t\t\t\t\tstartwidth:940,\n\t\t\t\t\t\tstartheight:174,\n\t\t\t\t\t\thideThumbs:200,\n\t\t\t\t\t\t\n\t\t\t\t\t\tthumbWidth:100,\n\t\t\t\t\t\tthumbHeight:50,\n\t\t\t\t\t\tthumbAmount:3,\n\t\t\t\t\t\t\n\t\t\t\t\t\tnavigationType:\"none\",\n\t\t\t\t\t\tnavigationArrows:\"none\",\n\t\t\t\t\t\tnavigationStyle:\"round\",\n\t\t\t\t\t\t\n\t\t\t\t\t\ttouchenabled:\"off\",\n\t\t\t\t\t\tonHoverStop:\"on\",\n\t\t\t\t\t\t\n\t\t\t\t\t\tnavigationHAlign:\"center\",\n\t\t\t\t\t\tnavigationVAlign:\"bottom\",\n\t\t\t\t\t\tnavigationHOffset:0,\n\t\t\t\t\t\tnavigationVOffset:20,\n\n\t\t\t\t\t\tsoloArrowLeftHalign:\"left\",\n\t\t\t\t\t\tsoloArrowLeftValign:\"center\",\n\t\t\t\t\t\tsoloArrowLeftHOffset:20,\n\t\t\t\t\t\tsoloArrowLeftVOffset:0,\n\n\t\t\t\t\t\tsoloArrowRightHalign:\"right\",\n\t\t\t\t\t\tsoloArrowRightValign:\"center\",\n\t\t\t\t\t\tsoloArrowRightHOffset:20,\n\t\t\t\t\t\tsoloArrowRightVOffset:0,\n\t\t\t\t\t\t\t\t\n\t\t\t\t\t\tshadow:0,\n\t\t\t\t\t\tfullWidth:\"on\",\n\t\t\t\t\t\tfullScreen:\"off\",\n\n\t\t\t\t\t\tstopLoop:\"off\",\n\t\t\t\t\t\tstopAfterLoops:-1,\n\t\t\t\t\t\tstopAtSlide:-1,\n\n\t\t\t\t\t\tshuffle:\"off\",\n\t\t\t\t\t\t\n\t\t\t\t\t\thideSliderAtLimit:0,\n\t\t\t\t\t\thideCaptionAtLimit:0,\n\t\t\t\t\t\thideAllCaptionAtLilmit:0,\n\t\t\t\t\t\tstartWithSlide:0,\n\t\t\t\t\t\tvideoJsPath:\"http:\/\/www.yasodan.com\/es\/wp-content\/plugins\/revslider\/rs-plugin\/videojs\/\",\n\t\t\t\t\t\tfullScreenOffsetContainer: \"\"\t\n\t\t\t\t\t});\n\t\t\t\t\n\t\t\t\t});\t\/\/ready\n\t\t\t\t\n\t\t\t<\/script>\n\t\t\t\n\t\t\t\t\t\t\t<!-- END REVOLUTION SLIDER -->\n\t\t\t\t\n<p>&nbsp;<\/p>\n<h1>Sobre nosotros<\/h1>\n<p style=\"text-align: justify;\">Nuestra\u00a0 historia de Presente y\u00a0 Futuro se puede resumir en cuatro palabras: Dedicaci\u00f3n, Perseverancia, Servicio e Innovaci\u00f3n.<\/p>\n<p style=\"text-align: justify;\">El grupo de empresas se estableci\u00f3 en\u00a0 el a\u00f1o 1936 por una familia de empresarios reconocida por su actividad comercial dentro de Espa\u00f1a y en el mercado internacional. El negocio principal del Grupo Yasodan es y siempre ha sido Importaci\u00f3n &#8211; Exportaci\u00f3n de productos muy variados. M\u00e1s de 75 a\u00f1os de experiencia nos avalan en los negocios internacionales.<\/p>\n<p style=\"text-align: justify;\">Yasodan pertenece a un grupo de empresas multisectoriales. Somos una empresa de trading especializada en general en todo tipo de productos de exportaci\u00f3n e importaci\u00f3n. tambi\u00e9n representamos a fabricantes y a las empresas de aquellos productos\u00a0 que son solicitados por nuestros clientes.<\/p>\n<p style=\"text-align: justify;\"><span class=\"responsive\"><a href=\"http:\/\/www.yasodan.com\/es\/wp-content\/uploads\/2014\/07\/sobre-nosotros.jpg\"><img loading=\"lazy\" class=\"alignright wp-image-561\" src=\"http:\/\/www.yasodan.com\/es\/wp-content\/uploads\/2014\/07\/sobre-nosotros.jpg\" alt=\"\" width=\"224\" height=\"224\" srcset=\"http:\/\/www.yasodan.com\/es\/wp-content\/uploads\/2014\/07\/sobre-nosotros.jpg 281w, http:\/\/www.yasodan.com\/es\/wp-content\/uploads\/2014\/07\/sobre-nosotros-150x150.jpg 150w, http:\/\/www.yasodan.com\/es\/wp-content\/uploads\/2014\/07\/sobre-nosotros-60x60.jpg 60w\" sizes=\"(max-width: 224px) 100vw, 224px\" \/><\/a><\/span><\/p>\n<p style=\"text-align: justify;\">A lo largo de estos a\u00f1os hemos ganado la confianza de nuestros Proveedores, Clientes y Distribuidores, somos l\u00edderes en comercio internacional.<\/p>\n<p style=\"text-align: justify;\">Yasodan tiene una red mundial de Exportadores, Importadores, Proveedores, Distribuidores, Mayoristas y Clientes directos lo cual nos permite estar preparados para atender cualquier demanda de cualquier producto ofreciendo precios competitivos y garantizando calidad y eficacia.<\/p>\n<p style=\"text-align: justify;\">A d\u00eda de hoy, Yasodan cuenta con un gran equipo humano con m\u00e1s de 30 a\u00f1os de experiencia en trading, Importaci\u00f3n, Exportaci\u00f3n, Log\u00edstica y Distribuci\u00f3n. Nuestra\u00a0 nueva generaci\u00f3n de j\u00f3venes cualificados competentes y din\u00e1micos est\u00e1n dispuestos a aprender, aportar nuevas ideas y trabajar duro para demostrar su val\u00eda.<\/p>\n<p style=\"text-align: justify;\">Con sede principal en Madrid, contamos con una importante infraestructura desde donde atendemos cualquier necesidad de exportaci\u00f3n e importaci\u00f3n a cualquier pa\u00eds del mundo.<\/p>\n<p style=\"text-align: justify;\">Yasodan posee una infraestructura profesional completa y sofisticada que satisface las necesidades que nuestros Clientes, Proveedores, Distribuidores y Asociados precisan para ofrecerles nuestro mejor servicio.<\/p>\n<p style=\"text-align: justify;\">Yasodan Con una importante infraestructura y sofisticada, modernas\u00a0 instalaciones\u00a0 de primer nivel\u00a0 con un equipo profesional\u00a0 desarrolla la actividad comercial para atender y satisfacer cualquier necesidad de sus clientes\u00a0 Proveedores, Distribuidores y Asociados.<\/p>\n<p style=\"text-align: justify;\">Estamos interesados en estudiar y analizar todo tipo de productos\u00a0 y propuestas para comercializar.<\/p>\n<p style=\"text-align: justify;\">S\u00ed necesita\u00a0 comercializar , vende o comprar\u00a0 cualquier\u00a0 producto,\u00a0 si\u00e9ntase con la libertad de ponerse en contacto con nosotros para solicitar m\u00e1s informaci\u00f3n. Tenemos contactos, cliente y distribuidores en muchos pa\u00edses del universo.\u201d<\/p>\n<p style=\"text-align: justify;\">\n<p style=\"text-align: justify;\">\n","protected":false},"excerpt":{"rendered":"<p>&nbsp; Sobre nosotros Nuestra\u00a0 historia de Presente y\u00a0 Futuro se puede resumir en cuatro palabras: Dedicaci\u00f3n, Perseverancia, Servicio e Innovaci\u00f3n. El grupo de empresas se estableci\u00f3 en\u00a0 el a\u00f1o 1936\u2026 <a href=\"http:\/\/www.yasodan.com\/es\/sobre-nosotros\/\" class=\"read-more-link\">leer m\u00e1s &rarr;<\/a><\/p>\n","protected":false},"author":1,"featured_media":0,"parent":0,"menu_order":0,"comment_status":"open","ping_status":"open","template":"page-fullwidth.php","meta":[],"_links":{"self":[{"href":"http:\/\/www.yasodan.com\/es\/wp-json\/wp\/v2\/pages\/40"}],"collection":[{"href":"http:\/\/www.yasodan.com\/es\/wp-json\/wp\/v2\/pages"}],"about":[{"href":"http:\/\/www.yasodan.com\/es\/wp-json\/wp\/v2\/types\/page"}],"author":[{"embeddable":true,"href":"http:\/\/www.yasodan.com\/es\/wp-json\/wp\/v2\/users\/1"}],"replies":[{"embeddable":true,"href":"http:\/\/www.yasodan.com\/es\/wp-json\/wp\/v2\/comments?post=40"}],"version-history":[{"count":23,"href":"http:\/\/www.yasodan.com\/es\/wp-json\/wp\/v2\/pages\/40\/revisions"}],"predecessor-version":[{"id":690,"href":"http:\/\/www.yasodan.com\/es\/wp-json\/wp\/v2\/pages\/40\/revisions\/690"}],"wp:attachment":[{"href":"http:\/\/www.yasodan.com\/es\/wp-json\/wp\/v2\/media?parent=40"}],"curies":[{"name":"wp","href":"https:\/\/api.w.org\/{rel}","templated":true}]}}