{"id":412,"date":"2014-08-14T12:39:07","date_gmt":"2014-08-14T12:39:07","guid":{"rendered":"http:\/\/www.yasodan.com\/es\/?page_id=412"},"modified":"2017-06-13T12:40:07","modified_gmt":"2017-06-13T12:40:07","slug":"aceites","status":"publish","type":"page","link":"http:\/\/www.yasodan.com\/es\/productos\/alimentacion\/aceites\/","title":{"rendered":"Aceite de Oliva"},"content":{"rendered":"<h1>Aceite de Oliva<\/h1>\n<div class=\"three_fourth\">\n<p style=\"text-align: justify;\"><em><strong>Oleum Hispania Sur<\/strong><\/em>\u00a0es una empresa familiar especializada en la gesti\u00f3n integral del Aceite de Oliva en sus distintas variedades y categor\u00edas. Nos dedicamos a producir y comercializar Aceite de Oliva Espa\u00f1ol, tanto a granel como envasado, de m\u00e1xima calidad y a precios altamente competitivos. Nos encontramos en la provincia de C\u00f3rdoba (Andalucia \u2013 Spain), una zona reconocida internacionalmente por producir el\u00a0<em><strong>mejor aceite de oliva del mundo<\/strong><\/em>.<\/p>\n<\/div>\n<div class=\"one_fourth last\"><!-- Widget Shortcode --><div id=\"nav_menu-5\" class=\"widget widget_nav_menu widget-shortcode area-smk_sidebar_3tri \"><h2 class=\"widgettitle\">Alimentaci\u00f3n<\/h2><div class=\"menu-alimentacion-container\"><ul id=\"menu-alimentacion\" class=\"menu\"><li id=\"menu-item-417\" class=\"menu-item menu-item-type-post_type menu-item-object-page menu-item-417\"><a href=\"http:\/\/www.yasodan.com\/es\/productos\/alimentacion\/aceites\/\">Aceite de Oliva<\/a><\/li>\n<li id=\"menu-item-419\" class=\"menu-item menu-item-type-post_type menu-item-object-page menu-item-419\"><a href=\"http:\/\/www.yasodan.com\/es\/productos\/alimentacion\/vinos\/\">Vinos<\/a><\/li>\n<li id=\"menu-item-418\" class=\"menu-item menu-item-type-post_type menu-item-object-page menu-item-418\"><a href=\"http:\/\/www.yasodan.com\/es\/productos\/alimentacion\/quesos\/\">Quesos<\/a><\/li>\n<\/ul><\/div><\/div><!-- \/Widget Shortcode --><\/div>\n<div class=\"clear\"><\/div>\n<div class=\"one_fourth\"><span class=\"responsive\"><img loading=\"lazy\" class=\"aligncenter size-medium wp-image-492\" src=\"http:\/\/www.yasodan.com\/es\/wp-content\/uploads\/2014\/08\/premium-157x300.png\" alt=\"premium\" width=\"217\" height=\"400\" \/><\/span><\/p>\n<\/div>\n<div class=\"one_half\">\n<h2><span style=\"color: #ff6600;\">Premium<\/span><\/h2>\n<h4>ACEITE DE OLIVA VIRGEN EXTRA<\/h4>\n<p style=\"text-align: justify;\">De los olivares que se expanden a lo largo y ancho del Parque Natural de la Subb\u00e9tica Cordobesa, situados a una altitud \u00fanica en Andaluc\u00eda, proviene este zumo \u00fanico en el mundo. El clima y la riqueza de estos suelos producen aceites afrutados, intensos y \u00fanicos, reconocidos a nivel internacional de las variedades picual, hojiblanca y picuda. Sin duda todos los esfuerzos de OLEUM HISPANIA se resumen en este zumo, \u00fanico en el mundo. Es puro Zumo de Oliva, obtenido de aceitunas sanas, recolectadas del \u00e1rbol en su punto exacto de maduraci\u00f3n (envero), estrictamente seleccionadas y molturadas exclusivamente por procedimientos mec\u00e1nicos en frio, s\u00f3lo unas horas despu\u00e9s de la recogida de la aceituna , para preservar todos su color, sabor y olor. Es el primer zumo del fruto virgen que reposa veinte d\u00edas para decantar, por gravedad, y convertirse en \u00fanico.<\/p>\n<\/div>\n<div class=\"one_fourth last\"><\/div>\n<div class=\"clear\"><\/div>\n<p>&nbsp;<\/p>\n<div class=\"one_fourth\"><span class=\"responsive\"><a href=\"http:\/\/www.yasodan.com\/es\/wp-content\/uploads\/2014\/08\/inspiracion.png\"><img loading=\"lazy\" class=\"aligncenter wp-image-497\" src=\"http:\/\/www.yasodan.com\/es\/wp-content\/uploads\/2014\/08\/inspiracion-157x300.png\" alt=\"inspiracion\" width=\"208\" height=\"396\" srcset=\"http:\/\/www.yasodan.com\/es\/wp-content\/uploads\/2014\/08\/inspiracion-157x300.png 157w, http:\/\/www.yasodan.com\/es\/wp-content\/uploads\/2014\/08\/inspiracion.png 479w\" sizes=\"(max-width: 208px) 100vw, 208px\" \/><\/a><\/span><\/p>\n<\/div>\n<div class=\"one_half\">\n<h2><span style=\"color: #ff6600;\">Inspiraci\u00f3n<\/span><\/h2>\n<h4>ACEITE DE OLIVA VIRGEN EXTRA<\/h4>\n<p style=\"text-align: justify;\">Oleum Hispania Inspiraci\u00f3n AOVE es puro Zumo de Oliva, obtenido de aceitunas sanas, recolectadas del \u00e1rbol en su punto exacto de maduraci\u00f3n (envero), estrictamente seleccionadas y molturadas exclusivamente por procedimientos mec\u00e1nicos en frio, s\u00f3lo unas horas despu\u00e9s de la recogida de la aceituna , para preservar todos su color, sabor y olor. Es el primer zumo del fruto virgen que reposa veinte d\u00edas para decantar, por gravedad, y convertirse en un aut\u00e9ntico Oleum Inspiraci\u00f3n.<\/p>\n<p style=\"text-align: justify;\">Su cata nos adentra en un frutado intenso de aceituna verde, la entrada en boca es dulce, ligeramente amargo y picante en progresi\u00f3n.<\/p>\n<\/div>\n<div class=\"one_fourth last\"><\/div>\n<div class=\"clear\"><\/div>\n<p>&nbsp;<\/p>\n<div class=\"one_fourth\"><span class=\"responsive\"><a href=\"http:\/\/www.yasodan.com\/es\/wp-content\/uploads\/2014\/08\/seleccion.png\"><img loading=\"lazy\" class=\"aligncenter wp-image-500\" src=\"http:\/\/www.yasodan.com\/es\/wp-content\/uploads\/2014\/08\/seleccion-157x300.png\" alt=\"seleccion\" width=\"208\" height=\"396\" srcset=\"http:\/\/www.yasodan.com\/es\/wp-content\/uploads\/2014\/08\/seleccion-157x300.png 157w, http:\/\/www.yasodan.com\/es\/wp-content\/uploads\/2014\/08\/seleccion.png 479w\" sizes=\"(max-width: 208px) 100vw, 208px\" \/><\/a><\/span><\/p>\n<\/div>\n<div class=\"one_half\">\n<h2><span style=\"color: #ff6600;\">Selecci\u00f3n<\/span><\/h2>\n<h4>ACEITE DE OLIVA VIRGEN EXTRA<\/h4>\n<p style=\"text-align: justify;\">\u00d3leum Hispania Selecci\u00f3n AOVE es un zumo obtenido de aceitunas frescas y sanas, estrictamente seleccionadas, molturadas exclusivamente por procedimientos mec\u00e1nicos a bajas temperaturas, para que no se produzca ninguna alteraci\u00f3n en los caracteres organol\u00e9pticos (color, olor y sabor).<\/p>\n<p style=\"text-align: justify;\">Es por tanto un producto totalmente natural, de sabor aut\u00e9ntico y suave fragancia, afrutado, ideal para su uso tanto en fr\u00edo como en caliente.<\/p>\n<\/div>\n<div class=\"one_fourth last\"><\/div>\n<div class=\"clear\"><\/div>\n<p>&nbsp;<\/p>\n<p><a href=\"http:\/\/www.yasodan.com\/en\/wp-content\/uploads\/2014\/08\/catalogo-oleum-Espana.pdf\" target=\"_self\" class=\" button gray medium\" rel=\"slides[buttonlightbox]\">Descargar cat\u00e1logo<\/a><\/p>\n<p style=\"text-align: justify;\">Si desea recibir m\u00e1s informaci\u00f3n, sobre estos productos, rellene el siguiente formulario:<\/p>\n<p><a href=\"http:\/\/www.yasodan.com\/es\/productos\/alimentacion\/aceites\/formularios-productos\/\" target=\"_self\" class=\" button gray medium\" rel=\"slides[buttonlightbox]\">Formulario<\/a><\/p>\n<p><!--?php if($data['check_sharebox'] == true) { ?--><br \/>\n<!--?php get_template_part( 'framework\/inc\/sharebox' ); ?--><br \/>\n<!--?php } ?--><\/p>\n","protected":false},"excerpt":{"rendered":"<p>Aceite de Oliva Oleum Hispania Sur\u00a0es una empresa familiar especializada en la gesti\u00f3n integral del Aceite de Oliva en sus distintas variedades y categor\u00edas. Nos dedicamos a producir y comercializar\u2026 <a href=\"http:\/\/www.yasodan.com\/es\/productos\/alimentacion\/aceites\/\" class=\"read-more-link\">leer m\u00e1s &rarr;<\/a><\/p>\n","protected":false},"author":1,"featured_media":0,"parent":361,"menu_order":0,"comment_status":"closed","ping_status":"open","template":"page-productos.php","meta":[],"_links":{"self":[{"href":"http:\/\/www.yasodan.com\/es\/wp-json\/wp\/v2\/pages\/412"}],"collection":[{"href":"http:\/\/www.yasodan.com\/es\/wp-json\/wp\/v2\/pages"}],"about":[{"href":"http:\/\/www.yasodan.com\/es\/wp-json\/wp\/v2\/types\/page"}],"author":[{"embeddable":true,"href":"http:\/\/www.yasodan.com\/es\/wp-json\/wp\/v2\/users\/1"}],"replies":[{"embeddable":true,"href":"http:\/\/www.yasodan.com\/es\/wp-json\/wp\/v2\/comments?post=412"}],"version-history":[{"count":29,"href":"http:\/\/www.yasodan.com\/es\/wp-json\/wp\/v2\/pages\/412\/revisions"}],"predecessor-version":[{"id":777,"href":"http:\/\/www.yasodan.com\/es\/wp-json\/wp\/v2\/pages\/412\/revisions\/777"}],"up":[{"embeddable":true,"href":"http:\/\/www.yasodan.com\/es\/wp-json\/wp\/v2\/pages\/361"}],"wp:attachment":[{"href":"http:\/\/www.yasodan.com\/es\/wp-json\/wp\/v2\/media?parent=412"}],"curies":[{"name":"wp","href":"https:\/\/api.w.org\/{rel}","templated":true}]}}