{"id":429,"date":"2014-08-18T09:08:42","date_gmt":"2014-08-18T09:08:42","guid":{"rendered":"http:\/\/www.yasodan.com\/es\/?page_id=429"},"modified":"2014-09-02T08:23:18","modified_gmt":"2014-09-02T08:23:18","slug":"politica-de-privacidad","status":"publish","type":"page","link":"http:\/\/www.yasodan.com\/es\/politica-de-privacidad\/","title":{"rendered":"Pol\u00edtica de Privacidad"},"content":{"rendered":"<h1 style=\"text-align: justify;\">Pol\u00edtica de privacidad<\/h1>\n<p style=\"text-align: justify;\">La p\u00e1gina web <span style=\"color: #0000ff;\">www.yasodan.com<\/span> es propiedad de la empresa MONARCH SPAIN S.A. Yasodan es la marca comercial de MONARCH SPAIN S.A. Con domicilio social en Calle Zabaleta -9, Madrid- 28002, Espa\u00f1a<\/p>\n<p style=\"text-align: justify;\">Le recomendamos que lea las condiciones generales de la Pol\u00edtica de Privacidady de Protecci\u00f3n de Datos<\/p>\n<p style=\"text-align: justify;\">La pol\u00edtica de privacidad junto con los T\u00e9rminos de Uso de nuestra p\u00e1gina web y cualquier otro documento que se refiere a ella, establece la base sobre la que los datos personales que recopilamos de Vd., o que usted nos proporcione, ser\u00e1n tratados por nosotros. Esta Pol\u00edtica de Privacidad tambi\u00e9n establece la forma en que nos puede indicar si prefiere limitar el uso de los datos personales.<\/p>\n<p style=\"text-align: justify;\">Seg\u00fan lo previsto en la Ley 34\/2002 de Servicios de la Sociedad de la Informaci\u00f3n y de Comercio Electr\u00f3nico, as\u00ed como en la Ley Org\u00e1nica 15\/1999 del 13 de Diciembre, de Protecci\u00f3n de Datos de Car\u00e1cter personal, le informamos que su direcci\u00f3n de correo electr\u00f3nico figura en nuestros archivos automatizados, al objeto exclusivamente de remitirle informaci\u00f3n sobre actividades formativas e informativas promovidas por nosotros. Igualmente le informamos que sus datos no son, ni ser\u00e1n, en ning\u00fan caso suministrados a terceros. Usted puede en cualquier momento ejercitar su derecho de acceder, rectificar, Oposici\u00f3n o Revocaci\u00f3n del consentimiento) y, en su caso, cancelar sus datos personales respondiendo este correo electr\u00f3nico e indic\u00e1ndonos la operaci\u00f3n a realizar. Si no desea en lo sucesivo recibir correos electr\u00f3nicos de este tipo, le rogamos que nos lo comunique a nuestro Departamento de base de datos a la siguiente direcci\u00f3n de correo electr\u00f3nico: <span style=\"color: #0000ff;\">info@yasodan.com <a href=\"mailto:info@yasodan.com\"><span style=\"color: #0000ff;\">(Pulse aqu\u00ed) <\/span><\/a><\/span><\/p>\n<p style=\"text-align: justify;\">Al utilizar la website www.yasodan.com (la \u00abWebsite\u00bb) o enviarnos informaci\u00f3n, usted expresa su consentimiento para la recopilaci\u00f3n, uso y divulgaci\u00f3n de su informaci\u00f3n personal de acuerdo con esta Pol\u00edtica de Privacidad. Si usted no est\u00e1 de acuerdo con esta Pol\u00edtica de Privacidad, no debe utilizar la Website o enviarnos informaci\u00f3n a trav\u00e9s de la Website o de otro modo.<\/p>\n<p style=\"text-align: justify;\">El Usuario certifica que posee la capacidad legal necesaria para la prestaci\u00f3n del consentimiento en cuanto al tratamiento de sus datos de car\u00e1cter personal y todo ello, de conformidad con lo establecido en la presente Pol\u00edtica de Privacidad.<\/p>\n<p style=\"text-align: justify;\"><strong>1 LA INFORMACION QUE PODEMOS OBTENER DE USTED<\/strong><\/p>\n<p style=\"text-align: justify;\">Yasodan puede monitorizar las visitas a la website, sobre todo, para asegurarse de que es f\u00e1cil de navegar, identificar las \u00e1reas que son de particular inter\u00e9s para los visitantes y en general mejorar la website y los servicios ofrecidos. La informaci\u00f3n que Yasodan recoge en este proceso no se le identifica como una persona y no tratar de identificar a los usuarios individuales, a menos que voluntariamente sus datos personales de contacto a trav\u00e9s de uno de los formularios del website.<\/p>\n<p style=\"text-align: justify;\">En algunas circunstancias, los registros de Yasodan pueden identificar a las empresas o particulares que visiten la website y Yasodan pueden utilizar esa informaci\u00f3n en la gesti\u00f3n de su relaci\u00f3n con esas organizaciones, por ejemplo, al considerar la forma de desarrollar los servicios que ofrece. Podemos recopilar la siguiente informaci\u00f3n de usted en relaci\u00f3n con:<\/p>\n<ul style=\"text-align: justify;\">\n<li>Cualquier informaci\u00f3n comercial que nos env\u00ede tal como el nombre de su empresa y \/ o el nombre comercial (persona de contacto y cargo dentro de la empresa, direcci\u00f3n de Internet, el tipo de actividad de su empresa y el n\u00famero de empleados) y su direcci\u00f3n profesional completa con detalles de contacto y direcciones de correo electr\u00f3nico;<\/li>\n<li>La informaci\u00f3n que usted nos proporcione al completar formularios y enviar informaci\u00f3n por tel\u00e9fono, por correo postal, correo electr\u00f3nico, fax o en la website. Esto incluye informaci\u00f3n provista al registrarse o suscribirse a cualquiera de nuestros servicios, a trav\u00e9s de encuestas, por publicar material en el website o solicitando nuestros servicios;<\/li>\n<li>Si se comunica con nosotros, ya sea a trav\u00e9s de la Website o de otro modo (por ejemplo, por correo postal, correo electr\u00f3nico, fax, tel\u00e9fono, mensaje de texto) nosotros podemos llevar un registro de esa correspondencia. Por ejemplo, si usted env\u00eda una consulta, una queja o nos informa de un problema con nuestro servicio o website, o de otra manera en contacto con nuestro servicio al cliente, soporte t\u00e9cnico o cualquier otro departamento de nuestra compa\u00f1\u00eda, podemos mantener dicho registro.<\/li>\n<li>Tambi\u00e9n podemos pedirle que complete las encuestas que utilizamos con fines de investigaci\u00f3n, a pesar de que no tiene que responder a las mismas;<\/li>\n<li>Su direcci\u00f3n IP (este es el n\u00famero de identificaci\u00f3n individual de su ordenador para la conexi\u00f3n a Internet) se registra autom\u00e1ticamente por nuestro web servidor. El Usuario autoriza al tratamiento automatizado de los datos personales suministrados en los t\u00e9rminos anteriormente indicados.Esto se utiliza para se\u00f1alar su inter\u00e9s en este website;<\/li>\n<li>Detalles de sus visitas a nuestro Website (incluyendo, pero no limitado a, los datos de tr\u00e1fico, datos de localizaci\u00f3n, weblogs y otros datos de comunicaci\u00f3n y los medios a los que accede;<\/li>\n<li>Si Ustedquiere trabajar con Yasodan puede enviar su CV o rellenar sus datos a trav\u00e9s de nuestra web Esta informaci\u00f3n puede incluir cualquier informaci\u00f3n personal que se relacione y le identifique, incluyendo pero no limitado a, su nombre, direcci\u00f3n postal, direcci\u00f3n de correo electr\u00f3nico, n\u00famero de tel\u00e9fono y cualquier otra informaci\u00f3n recogida de las que usted que crea conveniente. Esta informaci\u00f3n se quedar\u00e1 recogida en nuestra base de datos automatizada.<\/li>\n<\/ul>\n<p style=\"text-align: justify;\"><strong>2 \u00bfC\u00d3MO PODEMOS UTILIZAR LA INFORMACI\u00d3N RECOGIDA DE USTED?<\/strong><\/p>\n<p style=\"text-align: justify;\">Podemos procesar esta informaci\u00f3n con el prop\u00f3sito de:<\/p>\n<ul style=\"text-align: justify;\">\n<li>Remitir a Clientes y Usuarios informaci\u00f3n de su inter\u00e9s relacionada con los servicios prestados.<\/li>\n<li>Resolver consultas o solucionar incidencias relacionadas con los servicios prestados.<\/li>\n<li>La administraci\u00f3n de inscripci\u00f3n y registro en nuestra \u00c1rea Privada de<\/li>\n<li>Clientes, Proveedores, Distribuidores y Asociados.<\/li>\n<li>Proporcionarle informaci\u00f3n acerca de las caracter\u00edsticas especiales en el website o de los servicios especiales o productos o informaci\u00f3n relacionada de terceros que creemos que pueden ser de su inter\u00e9s;<\/li>\n<li>Suministrarle y personalizar nuestros productos o servicios;<\/li>\n<li>Facilitar el acceso a todas las partes o caracter\u00edsticas de nuestros servicios o del website;<\/li>\n<li>Comunicarnos con usted sobre cualquier asunto relacionado con la prestaci\u00f3n de los servicios de Yasodan;<\/li>\n<li>Informarle de cualquier servicio proporcionado por un tercero que pueda ser de su inter\u00e9s;<\/li>\n<li>Tratar sus preguntas y peticiones, como ponerse en contacto con usted si es necesario;<\/li>\n<li>Llevar a cabo nuestras obligaciones derivadas de cualquier contrato celebrado entre usted y nosotros;<\/li>\n<li>Ponernos en contacto con usted para conocer sus puntos de vista sobre nuestros servicios y notificarle, ocasionalmente, cambios importantes o desarrollos a nuestros servicios o del website;<\/li>\n<li>\u00a0Notificarle sobre cambios en nuestros servicios;<\/li>\n<li>La realizaci\u00f3n de campa\u00f1as, eventos comerciales y de investigaci\u00f3n de mercado;<\/li>\n<li>La mejora y el desarrollo de nuestros servicios, productos o el website;<\/li>\n<li>Garantizar que el contenido de nuestro website se presenta de la manera m\u00e1s efectiva para usted y para su ordenador o dispositivo m\u00f3vil;<\/li>\n<\/ul>\n<p style=\"text-align: justify;\">Tambi\u00e9n podemos utilizar su informaci\u00f3n personal, o permitir a terceros seleccionados a utilizar sus datos para ofrecerle informaci\u00f3n sobre productos y servicios que puedan ser de inter\u00e9s para usted y nosotros o ellos pueden contactarle al respecto por correo electr\u00f3nico, correo postal o tel\u00e9fono.<\/p>\n<p style=\"text-align: justify;\"><strong>YASODAN<\/strong> no emplear\u00e1 en ning\u00fan caso los datos de car\u00e1cter personal que usted ponga a su disposici\u00f3n para prestar servicios distintos a los referidos en el del presente documento.<\/p>\n<p style=\"text-align: justify;\">Si usted prefiere no recibir informaci\u00f3n de Yasodan o de sus terceros para seleccionadosfines de marketingenv\u00ede un mensaje de correo electr\u00f3nico a <span style=\"color: #0000ff;\">info@yasodan.com<\/span> <span style=\"color: #0000ff;\"><a href=\"mailto:info@yasodan.com\"><span style=\"color: #0000ff;\">(Pulse aqu\u00ed) <\/span><\/a><\/span>en cualquier momento.<\/p>\n<p style=\"text-align: justify;\">Tambi\u00e9n podemos recopilar esta informaci\u00f3n y estad\u00edsticas a efectos de seguimiento del uso del website y de los Servicios y podemos proporcionar dicha informaci\u00f3n agregada a terceros. Estas estad\u00edsticas no incluir\u00e1n informaci\u00f3n que pueda ser usada para identificarle.<\/p>\n<p style=\"text-align: justify;\">Si deja de utilizar nuestros servicios o el website, o el permiso para usar el website o nuestros servicios se terminaran, nosotros podremos seguir utilizando y divulgar su informaci\u00f3n personal de acuerdo con esta Pol\u00edtica de Privacidad (en su versi\u00f3n modificada de vez en cuando) y seg\u00fan lo permitido por la ley. Sin embargo, si usted desea que dejemos de enviarle mensajes de correo electr\u00f3nico con informaci\u00f3n en relaci\u00f3n con el website o nuestros servicios, por favor env\u00ede su solicitud a <span style=\"color: #0000ff;\">info@yasodan.com (<span style=\"color: #0000ff;\"><a href=\"mailto:info@yasodan.com\"><span style=\"color: #0000ff;\">Pulse aqu\u00ed)<\/span><\/a><\/span><br \/>\n<\/span><\/p>\n<p style=\"text-align: justify;\"><strong>3 SEGURIDAD DE LA INFORMACI\u00d3N<\/strong><\/p>\n<p style=\"text-align: justify;\">Internet no es un medio seguro. Sin embargo, hemos implementado varios procedimientos de seguridad con relaci\u00f3n al website y sus comunicaciones electr\u00f3nicas con nosotros, tal como se establece en esta pol\u00edtica.<\/p>\n<p style=\"text-align: justify;\">Tenga en cuenta que las comunicaciones a trav\u00e9s de Internet, tales como mensajes de correo electr\u00f3nico \/ web mails no son seguros a menos que hayan sido encriptados. Sus comunicaciones puede ser enrutadas a trav\u00e9s de una serie de pa\u00edses antes de ser entregado &#8211; esta es la naturaleza de World wide Web\/ internet. No podemos aceptar la responsabilidad por cualquier acceso no autorizado o p\u00e9rdida de informaci\u00f3n personal que est\u00e1 fuera de nuestro control.<\/p>\n<p style=\"text-align: justify;\">Creemos que tenemos las adecuadas pol\u00edticas, reglas y medidas t\u00e9cnicas para proteger los datos personales que tenemos bajo nuestro control (teniendo en cuenta el tipo y cantidad de los datos) del acceso no autorizado, mal uso o de la divulgaci\u00f3n, modificaci\u00f3n no autorizada, destrucci\u00f3n il\u00edcita o p\u00e9rdida accidental.<\/p>\n<p style=\"text-align: justify;\">Todos nuestros empleados y procesadores de datos que tienen acceso y est\u00e1n asociados con el procesamiento de sus datos personales est\u00e1n obligados a respetar la confidencialidad de la informaci\u00f3n de nuestros visitantes.<\/p>\n<p style=\"text-align: justify;\">Puede que tengamos que revelar sus datos, si es requerido por la ley o cuando sean requeridos por los \u00f3rganos reguladores o de organizaciones policiales, que pueden utilizar sus datos con fines reglamentarios.<\/p>\n<p style=\"text-align: justify;\"><strong>4 \u00bfA QUIEN SER\u00c1 REVELADA SU INFORMACI\u00d3N?<\/strong><\/p>\n<p style=\"text-align: justify;\">Su informaci\u00f3n puede, para los fines establecidos en esta Pol\u00edtica de Privacidad, ser revelar\u00e1 para procesar:<\/p>\n<ul style=\"text-align: justify;\">\n<li>A nuestrosAsociados, clientes, distribuidores y proveedoreso terceros seleccionados que ofrecen productos o servicios que puedan ser de su inter\u00e9s o que puedan estar interesados \u200b\u200ben sus productos o servicios. Nos aseguraremos de que aquel a quien pasemos su informaci\u00f3n se comprometa a tratar sus datos con el mismo nivel de protecci\u00f3n como si fu\u00e9ramos nosotros quien latrat\u00e1ramos;<\/li>\n<li>A los organismos reguladores a efectos de control y\/o exigir nuestro cumplimiento con las normas \/ c\u00f3digos reglamentarios o cuando lo requiera la ley, reglamento o procedimiento judicial;<\/li>\n<li>A una autoridad competente en respuesta a una petici\u00f3n legal requerida por la autoridad competente;<\/li>\n<li>A nuestros empleados;<\/li>\n<li>Donde nosotros o una filial de tratamiento de sus datos en nuestro nombre, sea obligada a hacerlo por ley;<\/li>\n<li>A terceros a los que usted ha elegido para recibir informaci\u00f3n de marketingocualquier otra informaci\u00f3n;<\/li>\n<li>A los auditores o contratistas u otros asesores de auditor\u00eda yasistiendo con o asesoramiento sobre cualquiera de nuestros fines comerciales;<\/li>\n<li>A cualquier tercero cuando dicha revelaci\u00f3n sea necesaria con el fin de hacer cumplir o aplicar nuestros T\u00e9rminos de Uso P\u00e1gina web o de nuestros T\u00e9rminos y condiciones y \/ u otros acuerdos, o para proteger los derechos, propiedad o seguridad de nuestra empresa, nuestros clientes u otras personas. Esto incluye el intercambio de informaci\u00f3n con otras compa\u00f1\u00edas y organizaciones con fines de protecci\u00f3n de fraude y reducci\u00f3n de riesgo de cr\u00e9dito;<\/li>\n<li>A los posibles vendedores o compradores de nuestro negocio o alguno de nuestros activos, y<\/li>\n<li>A los terceros contratistas, proveedores, distribuidores, clientes o asociados que puedan acceder a su informaci\u00f3n personal en la prestaci\u00f3n de servicios a nosotros, (incluyendo, pero no limitado a los servicios de soporte de TI).<\/li>\n<\/ul>\n<p style=\"text-align: justify;\">Yasodan toma precauciones razonables para asegurar que la informaci\u00f3n personal que USTED proporcione se utilizar\u00e1 \u00fanicamente para los fines expresos establecidos en las presentes condicionesy en el desarrollo de sus fines sociales. Sin embargo, Internet no es una red totalmente segura y la Yasodan no puede garantizar que dicha informaci\u00f3n no pueda ser interceptada por otros terceros.<\/p>\n<p style=\"text-align: justify;\"><strong>5 SUS DERECHOS DE ACCESO EN RELACI\u00d3N CON SU INFORMACI\u00d3N<\/strong><\/p>\n<p style=\"text-align: justify;\">Puede escribirnos en cualquier momento para obtener una copia de su informaci\u00f3n y para corregir cualquier inexactitud. En su caso, usted podr\u00e1 tener su informaci\u00f3n personal borrada, rectificada, enmendada o completada. Por favorenv\u00edenos un correo electr\u00f3nico a info@yasodan.com y por favor, indique su nombre y direcci\u00f3n.<\/p>\n<p style=\"text-align: justify;\">Estar\u00edamos muy agradecidos si usted tambi\u00e9n nos proporcionara una breve descripci\u00f3n de la informaci\u00f3n de la que usted desea una copia, o que desea sea corregida (esto nos ayudar\u00e1 a localizar m\u00e1s f\u00e1cilmente sus datos).Pediremos prueba de su identidad antes de proporcionarle los detalles de cualquier informaci\u00f3n personal que podamos tener sobre usted.<\/p>\n<p style=\"text-align: justify;\"><strong>7 SU CONSENTIMIENTO Y CAMBIOS A ESTA POL\u00cdTICA DE PRIVACIDAD<\/strong><\/p>\n<p style=\"text-align: justify;\">Al enviarnos cualquier informaci\u00f3n personal, usted autoriza el uso de la informaci\u00f3n que figura en esta Pol\u00edtica de Privacidad. Nos reservamos el derecho de enmendar o modificar esta Pol\u00edtica de Privacidad y si lo hacemos, publicaremos los cambios en el website. Es su responsabilidad revisar la pol\u00edtica de privacidad cada vez que nos proporciona informaci\u00f3n o hace un pedido. El uso significar\u00e1 que usted acepta dichos cambios.<\/p>\n<p style=\"text-align: justify;\">En el caso en el cambien los fines de tramitar su informaci\u00f3n personal, nos pondremos en contacto con usted lo antes posible y solicitaremos su consentimiento para los nuevos fines, si esos nuevos fines est\u00e1n relacionados con un nuevo fin adicional a la tramitaci\u00f3n, el cual no es compatible o similar a fin originalmente especificado.<\/p>\n<p style=\"text-align: justify;\"><strong>8 LA LEY DE PROTECCI\u00d3N DE DATOS DE 1999<\/strong><\/p>\n<p style=\"text-align: justify;\">De conformidad con la Ley Org\u00e1nica 15\/1999, de 13 de diciembre, de Protecci\u00f3n de datos de car\u00e1cter personal, el Real Decreto 1720\/2007, de 21 de diciembre, por el que se aprueba su Reglamento de desarrollo, as\u00ed como la Ley 34\/2002, de 11 de julio, de Servicios de la sociedad de informaci\u00f3n y de comercio electr\u00f3nico, sus datos personales ser\u00e1n recogidos e incorporados a un fichero automatizado que se encuentra bajo la titularidad y responsabilidad Yasodan Dicho fichero figura inscrito en el Registro General de Protecci\u00f3n de Datos de la Agencia Espa\u00f1ola de Protecci\u00f3n deDatos.<\/p>\n<p style=\"text-align: justify;\"><strong>9 USO DE TU INFORMACI\u00d3N PERSONAL SOMETIDO A OTROS P\u00c1GINAS WEB<\/strong><\/p>\n<p style=\"text-align: justify;\">No nos hacemos responsables de las pol\u00edticas de privacidad y las pr\u00e1cticas de otros P\u00e1ginas web, incluso si usted accede a la p\u00e1gina web de terceros con enlaces desde nuestro P\u00e1gina web.<\/p>\n<p style=\"text-align: justify;\">Le recomendamos que revise la pol\u00edtica de cada P\u00e1gina web que visita y contacte con el propietario o el operador de dicho P\u00e1gina web si tiene alguna duda o pregunta.<\/p>\n<p style=\"text-align: justify;\"><strong>10 CONTACTO<\/strong><\/p>\n<p style=\"text-align: justify;\">Si usted tiene alguna pregunta acerca de la pol\u00edtica de privacidad de la Yasodan, desea le informemos acerca de nuestros servicios o servicios ofrecidos o desea ejercitar los derechos de acceso, rectificaci\u00f3n, cancelaci\u00f3n y oposici\u00f3n que establece la normativa vigente podr\u00e1n ejercitarse mediante comunicaci\u00f3n dirigida a Yasodan mediante correo electr\u00f3nico a <span style=\"color: #0000ff;\">info@yasodan.com (<span style=\"color: #0000ff;\"><a href=\"mailto:info@yasodan.com\"><span style=\"color: #0000ff;\">Pulse aqu\u00ed)<\/span><\/a><\/span><\/span>, precisando el derecho que desee ejercitar, acompa\u00f1ando copia de su DNI\/NIE.<\/p>\n<p style=\"text-align: justify;\">\n","protected":false},"excerpt":{"rendered":"<p>Pol\u00edtica de privacidad La p\u00e1gina web www.yasodan.com es propiedad de la empresa MONARCH SPAIN S.A. Yasodan es la marca comercial de MONARCH SPAIN S.A. Con domicilio social en Calle Zabaleta\u2026 <a href=\"http:\/\/www.yasodan.com\/es\/politica-de-privacidad\/\" class=\"read-more-link\">leer m\u00e1s &rarr;<\/a><\/p>\n","protected":false},"author":1,"featured_media":0,"parent":0,"menu_order":0,"comment_status":"closed","ping_status":"open","template":"page-fullwidth.php","meta":[],"_links":{"self":[{"href":"http:\/\/www.yasodan.com\/es\/wp-json\/wp\/v2\/pages\/429"}],"collection":[{"href":"http:\/\/www.yasodan.com\/es\/wp-json\/wp\/v2\/pages"}],"about":[{"href":"http:\/\/www.yasodan.com\/es\/wp-json\/wp\/v2\/types\/page"}],"author":[{"embeddable":true,"href":"http:\/\/www.yasodan.com\/es\/wp-json\/wp\/v2\/users\/1"}],"replies":[{"embeddable":true,"href":"http:\/\/www.yasodan.com\/es\/wp-json\/wp\/v2\/comments?post=429"}],"version-history":[{"count":9,"href":"http:\/\/www.yasodan.com\/es\/wp-json\/wp\/v2\/pages\/429\/revisions"}],"predecessor-version":[{"id":763,"href":"http:\/\/www.yasodan.com\/es\/wp-json\/wp\/v2\/pages\/429\/revisions\/763"}],"wp:attachment":[{"href":"http:\/\/www.yasodan.com\/es\/wp-json\/wp\/v2\/media?parent=429"}],"curies":[{"name":"wp","href":"https:\/\/api.w.org\/{rel}","templated":true}]}}