{"id":632,"date":"2014-08-29T09:55:23","date_gmt":"2014-08-29T09:55:23","guid":{"rendered":"http:\/\/www.yasodan.com\/es\/?page_id=632"},"modified":"2014-09-02T11:54:22","modified_gmt":"2014-09-02T11:54:22","slug":"galeria-fotografica","status":"publish","type":"page","link":"http:\/\/www.yasodan.com\/es\/galeria-fotografica\/","title":{"rendered":"Galer\u00eda fotogr\u00e1fica"},"content":{"rendered":"<h1>Galer\u00eda fotogr\u00e1fica<\/h1>\n\n\t\t<style type=\"text\/css\">\n\t\t\t#gallery-1 {\n\t\t\t\tmargin: auto;\n\t\t\t}\n\t\t\t#gallery-1 .gallery-item {\n\t\t\t\tfloat: left;\n\t\t\t\tmargin-top: 10px;\n\t\t\t\ttext-align: center;\n\t\t\t\twidth: 25%;\n\t\t\t}\n\t\t\t#gallery-1 img {\n\t\t\t\tborder: 2px solid #cfcfcf;\n\t\t\t}\n\t\t\t#gallery-1 .gallery-caption {\n\t\t\t\tmargin-left: 0;\n\t\t\t}\n\t\t\t\/* see gallery_shortcode() in wp-includes\/media.php *\/\n\t\t<\/style>\n\t\t<div id='gallery-1' class='gallery galleryid-632 gallery-columns-4 gallery-size-thumbnail'><dl class='gallery-item'>\n\t\t\t<dt class='gallery-icon landscape'>\n\t\t\t\t<a rel=\"prettyPhoto[slides]\" href='http:\/\/www.yasodan.com\/es\/wp-content\/uploads\/2014\/08\/aceites.jpg'><img width=\"150\" height=\"150\" src=\"http:\/\/www.yasodan.com\/es\/wp-content\/uploads\/2014\/08\/aceites-150x150.jpg\" class=\"attachment-thumbnail size-thumbnail\" alt=\"\" loading=\"lazy\" aria-describedby=\"gallery-1-404\" srcset=\"http:\/\/www.yasodan.com\/es\/wp-content\/uploads\/2014\/08\/aceites-150x150.jpg 150w, http:\/\/www.yasodan.com\/es\/wp-content\/uploads\/2014\/08\/aceites-60x60.jpg 60w, http:\/\/www.yasodan.com\/es\/wp-content\/uploads\/2014\/08\/aceites.jpg 300w\" sizes=\"(max-width: 150px) 100vw, 150px\" \/><\/a>\n\t\t\t<\/dt>\n\t\t\t\t<dd class='wp-caption-text gallery-caption' id='gallery-1-404'>\n\t\t\t\tTexto 1\n\t\t\t\t<\/dd><\/dl><dl class='gallery-item'>\n\t\t\t<dt class='gallery-icon landscape'>\n\t\t\t\t<a rel=\"prettyPhoto[slides]\" href='http:\/\/www.yasodan.com\/es\/wp-content\/uploads\/2014\/08\/quesos.jpg'><img width=\"150\" height=\"150\" src=\"http:\/\/www.yasodan.com\/es\/wp-content\/uploads\/2014\/08\/quesos-150x150.jpg\" class=\"attachment-thumbnail size-thumbnail\" alt=\"\" loading=\"lazy\" aria-describedby=\"gallery-1-405\" srcset=\"http:\/\/www.yasodan.com\/es\/wp-content\/uploads\/2014\/08\/quesos-150x150.jpg 150w, http:\/\/www.yasodan.com\/es\/wp-content\/uploads\/2014\/08\/quesos-60x60.jpg 60w, http:\/\/www.yasodan.com\/es\/wp-content\/uploads\/2014\/08\/quesos.jpg 300w\" sizes=\"(max-width: 150px) 100vw, 150px\" \/><\/a>\n\t\t\t<\/dt>\n\t\t\t\t<dd class='wp-caption-text gallery-caption' id='gallery-1-405'>\n\t\t\t\tTexto 2\n\t\t\t\t<\/dd><\/dl><dl class='gallery-item'>\n\t\t\t<dt class='gallery-icon landscape'>\n\t\t\t\t<a rel=\"prettyPhoto[slides]\" href='http:\/\/www.yasodan.com\/es\/wp-content\/uploads\/2014\/08\/vinos.jpg'><img width=\"150\" height=\"150\" src=\"http:\/\/www.yasodan.com\/es\/wp-content\/uploads\/2014\/08\/vinos-150x150.jpg\" class=\"attachment-thumbnail size-thumbnail\" alt=\"\" loading=\"lazy\" aria-describedby=\"gallery-1-406\" srcset=\"http:\/\/www.yasodan.com\/es\/wp-content\/uploads\/2014\/08\/vinos-150x150.jpg 150w, http:\/\/www.yasodan.com\/es\/wp-content\/uploads\/2014\/08\/vinos-60x60.jpg 60w, http:\/\/www.yasodan.com\/es\/wp-content\/uploads\/2014\/08\/vinos.jpg 300w\" sizes=\"(max-width: 150px) 100vw, 150px\" \/><\/a>\n\t\t\t<\/dt>\n\t\t\t\t<dd class='wp-caption-text gallery-caption' id='gallery-1-406'>\n\t\t\t\tTexto 3\n\t\t\t\t<\/dd><\/dl>\n\t\t\t<br style='clear: both' \/>\n\t\t<\/div>\n\n","protected":false},"excerpt":{"rendered":"<p>Galer\u00eda fotogr\u00e1fica<\/p>\n","protected":false},"author":1,"featured_media":0,"parent":0,"menu_order":0,"comment_status":"closed","ping_status":"open","template":"page-fullwidth.php","meta":[],"_links":{"self":[{"href":"http:\/\/www.yasodan.com\/es\/wp-json\/wp\/v2\/pages\/632"}],"collection":[{"href":"http:\/\/www.yasodan.com\/es\/wp-json\/wp\/v2\/pages"}],"about":[{"href":"http:\/\/www.yasodan.com\/es\/wp-json\/wp\/v2\/types\/page"}],"author":[{"embeddable":true,"href":"http:\/\/www.yasodan.com\/es\/wp-json\/wp\/v2\/users\/1"}],"replies":[{"embeddable":true,"href":"http:\/\/www.yasodan.com\/es\/wp-json\/wp\/v2\/comments?post=632"}],"version-history":[{"count":12,"href":"http:\/\/www.yasodan.com\/es\/wp-json\/wp\/v2\/pages\/632\/revisions"}],"predecessor-version":[{"id":768,"href":"http:\/\/www.yasodan.com\/es\/wp-json\/wp\/v2\/pages\/632\/revisions\/768"}],"wp:attachment":[{"href":"http:\/\/www.yasodan.com\/es\/wp-json\/wp\/v2\/media?parent=632"}],"curies":[{"name":"wp","href":"https:\/\/api.w.org\/{rel}","templated":true}]}}